{"id":862,"date":"2025-03-14T19:00:08","date_gmt":"2025-03-14T17:00:08","guid":{"rendered":"https:\/\/partnership.worldea.org\/?page_id=862"},"modified":"2025-03-17T15:17:15","modified_gmt":"2025-03-17T13:17:15","slug":"institut-fur-diaspora-und-interkulturelle-studien-idis","status":"publish","type":"page","link":"https:\/\/partnership.worldea.org\/ko\/was-wir-tun\/institut-fur-diaspora-und-interkulturelle-studien-idis\/","title":{"rendered":"\ub514\uc544\uc2a4\ud3ec\ub77c \ubc0f \ubb38\ud654\uac04 \uc5f0\uad6c\uc18c(IDIS)"},"content":{"rendered":"<div data-elementor-type=\"wp-page\" data-elementor-id=\"862\" class=\"elementor elementor-862\" data-elementor-post-type=\"page\">\n\t\t\t\t\t\t<section class=\"elementor-section elementor-top-section elementor-element elementor-element-c3f46f4 elementor-section-content-bottom elementor-section-boxed elementor-section-height-default elementor-section-height-default\" data-id=\"c3f46f4\" data-element_type=\"section\" data-e-type=\"section\" data-settings=\"{&quot;background_background&quot;:&quot;classic&quot;}\">\n\t\t\t\t\t\t\t<div class=\"elementor-background-overlay\"><\/div>\n\t\t\t\t\t\t\t<div class=\"elementor-container elementor-column-gap-extended\">\n\t\t\t\t\t<div class=\"elementor-column elementor-col-100 elementor-top-column elementor-element elementor-element-4f9fda49\" data-id=\"4f9fda49\" data-element_type=\"column\" data-e-type=\"column\">\n\t\t\t<div class=\"elementor-widget-wrap elementor-element-populated\">\n\t\t\t\t\t\t\t<\/div>\n\t\t<\/div>\n\t\t\t\t\t<\/div>\n\t\t<\/section>\n\t\t<div class=\"elementor-element elementor-element-6275833 e-flex e-con-boxed e-con e-parent\" data-id=\"6275833\" data-element_type=\"container\" data-e-type=\"container\">\n\t\t\t\t\t<div class=\"e-con-inner\">\n\t\t\t\t<div class=\"elementor-element elementor-element-e7382c7 elementor-widget elementor-widget-text-editor\" data-id=\"e7382c7\" data-element_type=\"widget\" data-e-type=\"widget\" data-widget_type=\"text-editor.default\">\n\t\t\t\t<div class=\"elementor-widget-container\">\n\t\t\t\t\t\t\t\t\t<p>\uc774\uc8fc\ub294 \uc138\uacc4\uc801\uc778 \ud604\uc0c1\uc785\ub2c8\ub2e4. \uc0ac\ub78c\ub4e4\uc740 \ub2e4\uc591\ud55c \uc774\uc720\ub85c \uc774\uc8fc\ud569\ub2c8\ub2e4. \uac1c\uc778\uc801\uc778 \uc774\uc720\ub85c \uc774\uc8fc\ud558\ub294 \uacbd\uc6b0\ub3c4 \uc788\uace0, \uc790\uc5f0\uc7ac\ud574\ub098 \uc804\uc7c1\uc73c\ub85c \uc778\ud55c \uac15\uc81c \uc774\uc8fc \ub54c\ubb38\uc5d0 \uc774\uc8fc\ud558\ub294 \uacbd\uc6b0\ub3c4 \uc788\uc2b5\ub2c8\ub2e4. \uc9c0\ub09c 50\ub144\uac04 \uad6d\uc81c \uc774\uc8fc\ubbfc \uc218\ub294 2024\ub144\uc5d0 3\uc5b5 400\ub9cc \uba85\uc73c\ub85c \uc99d\uac00\ud55c \uac83\uc73c\ub85c \ucd94\uc0b0\ub429\ub2c8\ub2e4.<\/p>\n<p>\ub514\uc544\uc2a4\ud3ec\ub77c \ubc0f \ubb38\ud654\uac04 \uc5f0\uad6c\uc18c(IDIS)\ub294 \ub514\uc544\uc2a4\ud3ec\ub77c \uacf5\ub3d9\uccb4, \ubb38\ud654\uac04 \uc0c1\ud638\uc791\uc6a9, \uadf8\ub9ac\uace0 \uc138\uacc4\uc801 \uc774\ub3d9\uc131\uacfc \uad00\ub828\ub41c \uc8fc\uc81c\ub97c \ub2e4\ub8e8\ub294 \uc5f0\uad6c\uae30\uad00\uc785\ub2c8\ub2e4. IDIS\ub294 \uc774\uc8fc\ubbfc\uc758 \ubb38\ud654\uc801 \uc5ed\ub3d9\uc131, \uc0ac\ud68c\uc801 \ub124\ud2b8\uc6cc\ud06c, \uc815\uccb4\uc131\ubfd0 \uc544\ub2c8\ub77c \ubb38\ud654\uac04 \uad50\ub958\uc758 \uc601\ud5a5\ub825\uc744 \uc774\ud574\ud558\uace0\uc790 \ub178\ub825\ud569\ub2c8\ub2e4. IDIS\uc758 \ubaa9\ud45c\ub294 \uc774\uc8fc\ubbfc\uacfc \ud0c0\uad6d \uac70\uc8fc\uc790\ub4e4\uc774 \uc9c1\uba74\ud55c \ud604\uc2e4\uc801\uc778 \ubb38\uc81c\uc5d0 \ub300\ud55c \uc5f0\uad6c \uc790\ub8cc\ub97c \uc81c\uacf5\ud558\uace0, \ub514\uc544\uc2a4\ud3ec\ub77c \uacf5\ub3d9\uccb4\uc640 \uc218\uc6a9\uad6d \ubaa8\ub450\uac00 \ud654\ud574\ub86d\uace0 \ud3c9\ud654\ub85c\uc6b4 \uc0ac\ud68c\ub97c \uc870\uc131\ud558\ub294 \ub370 \ub3c4\uc6c0\uc774 \ub418\ub294 \uc790\uc6d0\uc744 \uac1c\ubc1c\ud558\ub294 \uac83\uc785\ub2c8\ub2e4.<\/p>\n<h3><strong>IDIS\ub294 \ub2e4\uc74c\uacfc \uac19\uc740 \uc5f0\uad6c \ubd84\uc57c\ub97c \ub2e4\ub8f9\ub2c8\ub2e4.<\/strong><\/h3>\n<ul>\n<li><strong>\ub514\uc544\uc2a4\ud3ec\ub77c \uc5f0\uad6c<\/strong>\uc774\ud559 \uc5f0\uad6c \ubd84\uc57c\ub294 \ub514\uc544\uc2a4\ud3ec\ub77c \uacf5\ub3d9\uccb4\uc758 \uc0b6, \ubb38\ud654, \uc5ed\uc0ac \ubc0f \uc601\ud5a5\uc5d0 \ub300\ud55c \uc5f0\uad6c\uc774\uba70, \ud2b9\ud788 \uc774\ub4e4\uc774 \uc0c8\ub85c\uc6b4 \uc0ac\ud68c\uc5d0 \ud1b5\ud569\ub418\uba74\uc11c \ubaa8\uad6d \ubb38\ud654\uc640\uc758 \uc720\ub300\uac10\uc744 \uc5b4\ub5bb\uac8c \uc720\uc9c0\ud558\ub294\uc9c0\uc5d0 \ub300\ud55c \uc5f0\uad6c\ub97c \ud3ec\ud568\ud569\ub2c8\ub2e4.\u00a0<\/li>\n<li><strong> \uc774\uc8fc \uc5f0\uad6c<\/strong>\uc774\uc8fc \uc591\uc0c1, \uc774\uc8fc \uc6d0\uc778 \ubc0f \uc774\uc8fc\uac00 \uc774\uc8fc\uad6d\uacfc \uc218\uc6a9\uad6d\uc5d0 \ubbf8\uce58\ub294 \uc601\ud5a5, \uadf8\ub9ac\uace0 \uc774\uc8fc\uc790 \ubcf8\uc778\uc758 \uacbd\ud5d8\uc5d0 \ub300\ud55c \uc870\uc0ac.<\/li>\n<li><strong>\ubb38\ud654 \uac04 \uc18c\ud1b5<\/strong>\ub2e4\uc591\ud55c \uc138\uacc4\uc801 \ub9e5\ub77d\uc5d0\uc11c \uc11c\ub85c \ub2e4\ub978 \ubb38\ud654\uc758 \uc0c1\ud638\uc791\uc6a9, \uc18c\ud1b5 \ubc0f \uc601\ud5a5\ub825\uc5d0 \ub300\ud55c \uc5f0\uad6c (\uc5b8\uc5b4, \uc815\uccb4\uc131 \ubc0f \ud1b5\ud569 \ubb38\uc81c \ud3ec\ud568).<\/li>\n<li><strong>\uc138\uacc4\ud654\uc640 \ucd08\uad6d\uac00\uc8fc\uc758<\/strong>\uc138\uacc4\ud654\uac00 \ubb38\ud654 \uad50\ub958, \uc0ac\ub78c\uacfc \uc544\uc774\ub514\uc5b4\uc758 \uc774\ub3d9, \uadf8\ub9ac\uace0 \ucd08\uad6d\uac00\uc801 \uacf5\ub3d9\uccb4\uc758 \ucd9c\ud604\uc5d0 \ubbf8\uce58\ub294 \uc601\ud5a5\uc744 \uc774\ud574\ud569\ub2c8\ub2e4.<\/li>\n<li><strong>\uc815\uccb4\uc131\uacfc \uc18c\uc18d\uac10<\/strong>\uc774\ud559 \ubd84\uc57c\ub294 \ub514\uc544\uc2a4\ud3ec\ub77c \ub9e5\ub77d\uc5d0\uc11c \uac1c\uc778\uacfc \uc9d1\ub2e8\uc774 \ubbfc\uc871, \uc885\uad50, \uad6d\uac00 \uc815\uccb4\uc131 \ubb38\uc81c\ub97c \ud3ec\ud568\ud558\uc5ec \uc790\uc2e0\ub4e4\uc758 \uc815\uccb4\uc131\uc744 \ud615\uc131\ud558\uace0, \ud611\uc0c1\ud558\uace0, \uc8fc\uc7a5\ud558\ub294 \ubc29\uc2dd\uc744 \uc5f0\uad6c\ud558\ub294 \ud559\ubb38\uc785\ub2c8\ub2e4.<\/li>\n<\/ul>\n<h3><strong>\uc800\ud76c \uc11c\ube44\uc2a4<\/strong><\/h3>\n<ul>\n<li><strong>\uc5f0\uad6c<\/strong>\uc800\ud76c\ub294 \ub514\uc544\uc2a4\ud3ec\ub77c, \uc774\uc8fc, \ubb38\ud654 \uac04 \uc18c\ud1b5, \uc138\uacc4\ud654 \ubc0f \ucd08\uad6d\uac00\uc8fc\uc758, \uc815\uccb4\uc131 \ubc0f \uc18c\uc18d\uac10(\uc778\ud130\ubdf0, \uc0ac\uc124, \ubbfc\uc871\uc9c0\ud559 \ubcf4\uace0\uc11c \ud3ec\ud568) \ub4f1\uc758 \uc8fc\uc81c\uc5d0 \ub300\ud55c \uc2e4\uc99d \uc5f0\uad6c \ubc0f \ucd9c\ud310\ubb3c\uc744 \uc81c\uacf5\ud569\ub2c8\ub2e4.<\/li>\n<li><strong>\uad50\uc721<\/strong>\uc800\ud76c\ub294 \uc774\uc8fc\ubbfc, \ub09c\ubbfc \ubc0f \ub514\uc544\uc2a4\ud3ec\ub77c \uacf5\ub3d9\uccb4\uc758 \uc9c0\ub3c4\uc790\ub4e4\uc744 \uc704\ud55c \uad50\uc721, \uba58\ud1a0\ub9c1 \ubc0f \ucee8\ud37c\ub7f0\uc2a4\ub97c \uc81c\uacf5\ud569\ub2c8\ub2e4.<\/li>\n<li><strong>\uc870\uc5b8<\/strong>\uc800\ud76c\ub294 \ubb38\ud654\uc801 \ub2e4\uc591\uc131, \ub2e4\ubb38\ud654 \uacf5\ub3d9\uccb4, \uc0c1\ud638\ubb38\ud654\uc801 \uc5ed\ub7c9, 2\uc138\ub300 \uc774\ubbfc\uc790 \ubb38\uc81c, \uc774\uc911\ubb38\ud654 \uc815\uccb4\uc131 \ub4f1\uc5d0 \ub300\ud55c \uc790\ubb38\uc744 \uc81c\uacf5\ud569\ub2c8\ub2e4.\u00a0<\/li>\n<li><strong>\ub124\ud2b8\uc6cc\ud0b9<\/strong>\uc800\ud76c\ub294 \ud504\ub85c\uc81d\ud2b8, \ud504\ub85c\uadf8\ub7a8, \ud68c\uc758 \ubc0f \ucee8\ud37c\ub7f0\uc2a4\ub97c \ud1b5\ud574 \ub2e4\uc591\ud55c \ub514\uc544\uc2a4\ud3ec\ub77c \ubc0f \uc774\ubbfc\uc790 \uadf8\ub8f9 \ub124\ud2b8\uc6cc\ud06c\ub97c \uc81c\uacf5\ud569\ub2c8\ub2e4.<\/li>\n<li><strong>\ub85c\ube44 \ud65c\ub3d9<\/strong>\uc6b0\ub9ac\ub294 \uc81c\ub124\ubc14 \uc720\uc5d4\uc5d0\uc11c \ub09c\ubbfc\ub4e4\uc744 \uc704\ud55c \uc639\ud638 \ud65c\ub3d9\uc744 \ud3bc\uce69\ub2c8\ub2e4.<\/li>\n<li><strong>\ud68c\ub78c \uc2e0\ubb38<\/strong>\uc800\ud76c\ub294 \ubd84\uae30\ubcc4 \ub274\uc2a4\ub808\ud130\ub97c \ud1b5\ud574 \uc800\ud76c \ud504\ub85c\uc81d\ud2b8\uc5d0 \ub300\ud55c \uc815\ubcf4\ub97c \uc81c\uacf5\ud574 \ub4dc\ub9bd\ub2c8\ub2e4.<\/li>\n<\/ul>\t\t\t\t\t\t\t\t<\/div>\n\t\t\t\t<\/div>\n\t\t\t\t\t<\/div>\n\t\t\t\t<\/div>\n\t\t\t\t<\/div>","protected":false},"excerpt":{"rendered":"<p>Migration ist ein weltweites Ph\u00e4nomen. Die Menschen migrieren aus unterschiedlichen Gr\u00fcnden. Einige aus pers\u00f6nlichen Gr\u00fcnden und andere aufgrund von Zwangsumsiedlungen [&hellip;]<\/p>\n","protected":false},"author":3,"featured_media":0,"parent":15,"menu_order":0,"comment_status":"closed","ping_status":"closed","template":"","meta":{"_seopress_robots_primary_cat":"","_seopress_titles_title":"","_seopress_titles_desc":"","_seopress_robots_index":"","site-sidebar-layout":"no-sidebar","site-content-layout":"","ast-site-content-layout":"full-width-container","site-content-style":"default","site-sidebar-style":"default","ast-global-header-display":"","ast-banner-title-visibility":"","ast-main-header-display":"","ast-hfb-above-header-display":"","ast-hfb-below-header-display":"","ast-hfb-mobile-header-display":"","site-post-title":"disabled","ast-breadcrumbs-content":"","ast-featured-img":"disabled","footer-sml-layout":"","ast-disable-related-posts":"","theme-transparent-header-meta":"","adv-header-id-meta":"","stick-header-meta":"","header-above-stick-meta":"","header-main-stick-meta":"","header-below-stick-meta":"","astra-migrate-meta-layouts":"default","ast-page-background-enabled":"default","ast-page-background-meta":{"desktop":{"background-color":"var(--ast-global-color-4)","background-image":"","background-repeat":"repeat","background-position":"center center","background-size":"auto","background-attachment":"scroll","background-type":"","background-media":"","overlay-type":"","overlay-color":"","overlay-opacity":"","overlay-gradient":""},"tablet":{"background-color":"","background-image":"","background-repeat":"repeat","background-position":"center center","background-size":"auto","background-attachment":"scroll","background-type":"","background-media":"","overlay-type":"","overlay-color":"","overlay-opacity":"","overlay-gradient":""},"mobile":{"background-color":"","background-image":"","background-repeat":"repeat","background-position":"center center","background-size":"auto","background-attachment":"scroll","background-type":"","background-media":"","overlay-type":"","overlay-color":"","overlay-opacity":"","overlay-gradient":""}},"ast-content-background-meta":{"desktop":{"background-color":"var(--ast-global-color-5)","background-image":"","background-repeat":"repeat","background-position":"center center","background-size":"auto","background-attachment":"scroll","background-type":"","background-media":"","overlay-type":"","overlay-color":"","overlay-opacity":"","overlay-gradient":""},"tablet":{"background-color":"var(--ast-global-color-5)","background-image":"","background-repeat":"repeat","background-position":"center center","background-size":"auto","background-attachment":"scroll","background-type":"","background-media":"","overlay-type":"","overlay-color":"","overlay-opacity":"","overlay-gradient":""},"mobile":{"background-color":"var(--ast-global-color-5)","background-image":"","background-repeat":"repeat","background-position":"center center","background-size":"auto","background-attachment":"scroll","background-type":"","background-media":"","overlay-type":"","overlay-color":"","overlay-opacity":"","overlay-gradient":""}},"footnotes":""},"class_list":["post-862","page","type-page","status-publish","hentry"],"_links":{"self":[{"href":"https:\/\/partnership.worldea.org\/ko\/wp-json\/wp\/v2\/pages\/862","targetHints":{"allow":["GET"]}}],"collection":[{"href":"https:\/\/partnership.worldea.org\/ko\/wp-json\/wp\/v2\/pages"}],"about":[{"href":"https:\/\/partnership.worldea.org\/ko\/wp-json\/wp\/v2\/types\/page"}],"author":[{"embeddable":true,"href":"https:\/\/partnership.worldea.org\/ko\/wp-json\/wp\/v2\/users\/3"}],"replies":[{"embeddable":true,"href":"https:\/\/partnership.worldea.org\/ko\/wp-json\/wp\/v2\/comments?post=862"}],"version-history":[{"count":4,"href":"https:\/\/partnership.worldea.org\/ko\/wp-json\/wp\/v2\/pages\/862\/revisions"}],"predecessor-version":[{"id":868,"href":"https:\/\/partnership.worldea.org\/ko\/wp-json\/wp\/v2\/pages\/862\/revisions\/868"}],"up":[{"embeddable":true,"href":"https:\/\/partnership.worldea.org\/ko\/wp-json\/wp\/v2\/pages\/15"}],"wp:attachment":[{"href":"https:\/\/partnership.worldea.org\/ko\/wp-json\/wp\/v2\/media?parent=862"}],"curies":[{"name":"wp","href":"https:\/\/api.w.org\/{rel}","templated":true}]}}