{"id":11,"date":"2024-06-21T10:30:58","date_gmt":"2024-06-21T10:30:58","guid":{"rendered":"https:\/\/partnership2.worldea.org\/?page_id=11"},"modified":"2025-06-06T12:36:20","modified_gmt":"2025-06-06T10:36:20","slug":"wer-wir-sind","status":"publish","type":"page","link":"https:\/\/partnership.worldea.org\/ko\/wer-wir-sind\/","title":{"rendered":"\uc6b0\ub9ac\ub294 \ub204\uad6c\uc778\uac00"},"content":{"rendered":"\t\t<div data-elementor-type=\"wp-page\" data-elementor-id=\"11\" class=\"elementor elementor-11\" data-elementor-post-type=\"page\">\n\t\t\t\t\t\t<section class=\"elementor-section elementor-top-section elementor-element elementor-element-08be064 elementor-section-content-bottom elementor-section-boxed elementor-section-height-default elementor-section-height-default\" data-id=\"08be064\" data-element_type=\"section\" data-e-type=\"section\" data-settings=\"{&quot;background_background&quot;:&quot;classic&quot;,&quot;background_motion_fx_motion_fx_scrolling&quot;:&quot;yes&quot;,&quot;background_motion_fx_devices&quot;:[&quot;desktop&quot;,&quot;tablet&quot;,&quot;mobile&quot;]}\">\n\t\t\t\t\t\t\t<div class=\"elementor-background-overlay\"><\/div>\n\t\t\t\t\t\t\t<div class=\"elementor-container elementor-column-gap-extended\">\n\t\t\t\t\t<div class=\"elementor-column elementor-col-100 elementor-top-column elementor-element elementor-element-2995f4a\" data-id=\"2995f4a\" data-element_type=\"column\" data-e-type=\"column\">\n\t\t\t<div class=\"elementor-widget-wrap elementor-element-populated\">\n\t\t\t\t\t\t<div class=\"elementor-element elementor-element-25099c0 elementor-widget elementor-widget-heading\" data-id=\"25099c0\" data-element_type=\"widget\" data-e-type=\"widget\" data-widget_type=\"heading.default\">\n\t\t\t\t<div class=\"elementor-widget-container\">\n\t\t\t\t\t<h2 class=\"elementor-heading-title elementor-size-default\">\u00dcber WEA Partnership<\/h2>\t\t\t\t<\/div>\n\t\t\t\t<\/div>\n\t\t\t\t\t<\/div>\n\t\t<\/div>\n\t\t\t\t\t<\/div>\n\t\t<\/section>\n\t\t\t\t<section class=\"elementor-section elementor-top-section elementor-element elementor-element-30c2bc4 elementor-section-boxed elementor-section-height-default elementor-section-height-default\" data-id=\"30c2bc4\" data-element_type=\"section\" data-e-type=\"section\" id=\"partnership\">\n\t\t\t\t\t\t<div class=\"elementor-container elementor-column-gap-default\">\n\t\t\t\t\t<div class=\"elementor-column elementor-col-100 elementor-top-column elementor-element elementor-element-1936d28\" data-id=\"1936d28\" data-element_type=\"column\" data-e-type=\"column\">\n\t\t\t<div class=\"elementor-widget-wrap elementor-element-populated\">\n\t\t\t\t\t\t<section class=\"elementor-section elementor-inner-section elementor-element elementor-element-1fd57e2 elementor-section-content-middle elementor-section-boxed elementor-section-height-default elementor-section-height-default\" data-id=\"1fd57e2\" data-element_type=\"section\" data-e-type=\"section\">\n\t\t\t\t\t\t<div class=\"elementor-container elementor-column-gap-no\">\n\t\t\t\t\t<div class=\"elementor-column elementor-col-50 elementor-inner-column elementor-element elementor-element-e4dc01a\" data-id=\"e4dc01a\" data-element_type=\"column\" data-e-type=\"column\" data-settings=\"{&quot;background_background&quot;:&quot;classic&quot;}\">\n\t\t\t<div class=\"elementor-widget-wrap elementor-element-populated\">\n\t\t\t\t\t\t<div class=\"elementor-element elementor-element-52d86b5 elementor-widget elementor-widget-heading\" data-id=\"52d86b5\" data-element_type=\"widget\" data-e-type=\"widget\" data-widget_type=\"heading.default\">\n\t\t\t\t<div class=\"elementor-widget-container\">\n\t\t\t\t\t<h2 class=\"elementor-heading-title elementor-size-default\">Das ist WEA Partnership<\/h2>\t\t\t\t<\/div>\n\t\t\t\t<\/div>\n\t\t\t\t<div class=\"elementor-element elementor-element-05e9ab6 elementor-widget elementor-widget-text-editor\" data-id=\"05e9ab6\" data-element_type=\"widget\" data-e-type=\"widget\" data-widget_type=\"text-editor.default\">\n\t\t\t\t<div class=\"elementor-widget-container\">\n\t\t\t\t\t\t\t\t\t<p>Die WEA Partnership e.V. sieht sich auf die von den Vereinten Nationen beschlossene \u201eAgenda 2030\u201c mit ihren globalen Zielen f\u00fcr nachhaltige Entwicklung auf der Grundlage von Menschenrechten verpflichtet, wie sie in der der Allgemeinen Erkl\u00e4rung der Menschenrechte, in der Europ\u00e4ischen Charta der Menschen\u00adrechte und im Grundrechtskatalog der Verfassung der Bundesrepublik Deutschland niedergelegt sind.<\/p><p>Auch wenn die Erf\u00fcllung der Nachhaltigkeitsziele im Vordergrund steht, widmet sich die WEA Partnership e.V. auch Sofort- und Nothilfe (Englisch \u201erelief\u201c) in Krisensit\u00aduationen, wobei die \u201eHilfe zur Selbsthilfe\u201c im Mittelpunkt steht. Durch unser globales Netzwerk mit Kirchen und Hilfswerken in praktisch jedem Land der Erde verf\u00fcgen wir in Krisensituationen \u00fcber eine gro\u00dfe Expertise unserer Partner, als auch \u00fcber viele einsatzf\u00e4hige Freiwillige, denen wir den Einsatz durch finanzielle Unterst\u00fctzung oder Finanzierung von Hilfsg\u00fctern und Infrastruktur erm\u00f6glichen. Durch die dadurch in Gang gesetzte Hilfe von vielen Freiwilligen unserer Kirchengemeinden wird die Wirkung un\u00adserer Finanzmittel vervielfacht. Bei unserer Sofort- und Nothilfe bem\u00fchen wir uns vorrangig um Projekte, die andere Hilfsorganisationen oder staatliche Stellen nicht ohne weiteres durchf\u00fchren k\u00f6nnen.<\/p>\t\t\t\t\t\t\t\t<\/div>\n\t\t\t\t<\/div>\n\t\t\t\t\t<\/div>\n\t\t<\/div>\n\t\t\t\t<div class=\"elementor-column elementor-col-50 elementor-inner-column elementor-element elementor-element-7dfdc65\" data-id=\"7dfdc65\" data-element_type=\"column\" data-e-type=\"column\" data-settings=\"{&quot;background_background&quot;:&quot;classic&quot;}\">\n\t\t\t<div class=\"elementor-widget-wrap elementor-element-populated\">\n\t\t\t\t\t\t<div class=\"elementor-element elementor-element-d32f175 elementor-widget elementor-widget-image\" data-id=\"d32f175\" data-element_type=\"widget\" data-e-type=\"widget\" data-widget_type=\"image.default\">\n\t\t\t\t<div class=\"elementor-widget-container\">\n\t\t\t\t\t\t\t\t\t\t\t\t\t\t\t<img alt=\"\" fetchpriority=\"high\" decoding=\"async\" width=\"1024\" height=\"681\" src=\"https:\/\/partnership.worldea.org\/wp-content\/uploads\/2024\/06\/event-venue-auditorium-meeting-1597531-1024x681.jpg\" class=\"attachment-large size-large wp-image-79\" alt=\"\" srcset=\"https:\/\/partnership.worldea.org\/wp-content\/uploads\/2024\/06\/event-venue-auditorium-meeting-1597531-1024x681.jpg 1024w, https:\/\/partnership.worldea.org\/wp-content\/uploads\/2024\/06\/event-venue-auditorium-meeting-1597531-300x199.jpg 300w, https:\/\/partnership.worldea.org\/wp-content\/uploads\/2024\/06\/event-venue-auditorium-meeting-1597531-768x511.jpg 768w, https:\/\/partnership.worldea.org\/wp-content\/uploads\/2024\/06\/event-venue-auditorium-meeting-1597531.jpg 1280w\" sizes=\"(max-width: 1024px) 100vw, 1024px\" \/>\t\t\t\t\t\t\t\t\t\t\t\t\t\t\t<\/div>\n\t\t\t\t<\/div>\n\t\t\t\t\t<\/div>\n\t\t<\/div>\n\t\t\t\t\t<\/div>\n\t\t<\/section>\n\t\t\t\t\t<\/div>\n\t\t<\/div>\n\t\t\t\t\t<\/div>\n\t\t<\/section>\n\t\t\t\t<\/div>\n\t\t","protected":false},"excerpt":{"rendered":"<p>\u00dcber WEA Partnership Das ist WEA Partnership Die WEA Partnership e.V. sieht sich auf die von den Vereinten Nationen beschlossene [&hellip;]<\/p>\n","protected":false},"author":1,"featured_media":0,"parent":0,"menu_order":1,"comment_status":"closed","ping_status":"closed","template":"","meta":{"_seopress_robots_primary_cat":"","_seopress_titles_title":"","_seopress_titles_desc":"","_seopress_robots_index":"","site-sidebar-layout":"no-sidebar","site-content-layout":"","ast-site-content-layout":"full-width-container","site-content-style":"default","site-sidebar-style":"default","ast-global-header-display":"","ast-banner-title-visibility":"","ast-main-header-display":"","ast-hfb-above-header-display":"","ast-hfb-below-header-display":"","ast-hfb-mobile-header-display":"","site-post-title":"disabled","ast-breadcrumbs-content":"","ast-featured-img":"disabled","footer-sml-layout":"","ast-disable-related-posts":"","theme-transparent-header-meta":"","adv-header-id-meta":"","stick-header-meta":"","header-above-stick-meta":"","header-main-stick-meta":"","header-below-stick-meta":"","astra-migrate-meta-layouts":"default","ast-page-background-enabled":"default","ast-page-background-meta":{"desktop":{"background-color":"var(--ast-global-color-4)","background-image":"","background-repeat":"repeat","background-position":"center center","background-size":"auto","background-attachment":"scroll","background-type":"","background-media":"","overlay-type":"","overlay-color":"","overlay-opacity":"","overlay-gradient":""},"tablet":{"background-color":"","background-image":"","background-repeat":"repeat","background-position":"center center","background-size":"auto","background-attachment":"scroll","background-type":"","background-media":"","overlay-type":"","overlay-color":"","overlay-opacity":"","overlay-gradient":""},"mobile":{"background-color":"","background-image":"","background-repeat":"repeat","background-position":"center center","background-size":"auto","background-attachment":"scroll","background-type":"","background-media":"","overlay-type":"","overlay-color":"","overlay-opacity":"","overlay-gradient":""}},"ast-content-background-meta":{"desktop":{"background-color":"var(--ast-global-color-5)","background-image":"","background-repeat":"repeat","background-position":"center center","background-size":"auto","background-attachment":"scroll","background-type":"","background-media":"","overlay-type":"","overlay-color":"","overlay-opacity":"","overlay-gradient":""},"tablet":{"background-color":"var(--ast-global-color-5)","background-image":"","background-repeat":"repeat","background-position":"center center","background-size":"auto","background-attachment":"scroll","background-type":"","background-media":"","overlay-type":"","overlay-color":"","overlay-opacity":"","overlay-gradient":""},"mobile":{"background-color":"var(--ast-global-color-5)","background-image":"","background-repeat":"repeat","background-position":"center center","background-size":"auto","background-attachment":"scroll","background-type":"","background-media":"","overlay-type":"","overlay-color":"","overlay-opacity":"","overlay-gradient":""}},"footnotes":""},"class_list":["post-11","page","type-page","status-publish","hentry"],"_links":{"self":[{"href":"https:\/\/partnership.worldea.org\/ko\/wp-json\/wp\/v2\/pages\/11","targetHints":{"allow":["GET"]}}],"collection":[{"href":"https:\/\/partnership.worldea.org\/ko\/wp-json\/wp\/v2\/pages"}],"about":[{"href":"https:\/\/partnership.worldea.org\/ko\/wp-json\/wp\/v2\/types\/page"}],"author":[{"embeddable":true,"href":"https:\/\/partnership.worldea.org\/ko\/wp-json\/wp\/v2\/users\/1"}],"replies":[{"embeddable":true,"href":"https:\/\/partnership.worldea.org\/ko\/wp-json\/wp\/v2\/comments?post=11"}],"version-history":[{"count":64,"href":"https:\/\/partnership.worldea.org\/ko\/wp-json\/wp\/v2\/pages\/11\/revisions"}],"predecessor-version":[{"id":1032,"href":"https:\/\/partnership.worldea.org\/ko\/wp-json\/wp\/v2\/pages\/11\/revisions\/1032"}],"wp:attachment":[{"href":"https:\/\/partnership.worldea.org\/ko\/wp-json\/wp\/v2\/media?parent=11"}],"curies":[{"name":"wp","href":"https:\/\/api.w.org\/{rel}","templated":true}]}}