{"id":862,"date":"2025-03-14T19:00:08","date_gmt":"2025-03-14T17:00:08","guid":{"rendered":"https:\/\/partnership.worldea.org\/?page_id=862"},"modified":"2025-03-17T15:17:15","modified_gmt":"2025-03-17T13:17:15","slug":"institut-fur-diaspora-und-interkulturelle-studien-idis","status":"publish","type":"page","link":"https:\/\/partnership.worldea.org\/fr\/was-wir-tun\/institut-fur-diaspora-und-interkulturelle-studien-idis\/","title":{"rendered":"Institut d&#039;\u00e9tudes sur la diaspora et l&#039;interculturel (IDIS)"},"content":{"rendered":"<div data-elementor-type=\"wp-page\" data-elementor-id=\"862\" class=\"elementor elementor-862\" data-elementor-post-type=\"page\">\n\t\t\t\t\t\t<section class=\"elementor-section elementor-top-section elementor-element elementor-element-c3f46f4 elementor-section-content-bottom elementor-section-boxed elementor-section-height-default elementor-section-height-default\" data-id=\"c3f46f4\" data-element_type=\"section\" data-e-type=\"section\" data-settings=\"{&quot;background_background&quot;:&quot;classic&quot;}\">\n\t\t\t\t\t\t\t<div class=\"elementor-background-overlay\"><\/div>\n\t\t\t\t\t\t\t<div class=\"elementor-container elementor-column-gap-extended\">\n\t\t\t\t\t<div class=\"elementor-column elementor-col-100 elementor-top-column elementor-element elementor-element-4f9fda49\" data-id=\"4f9fda49\" data-element_type=\"column\" data-e-type=\"column\">\n\t\t\t<div class=\"elementor-widget-wrap elementor-element-populated\">\n\t\t\t\t\t\t\t<\/div>\n\t\t<\/div>\n\t\t\t\t\t<\/div>\n\t\t<\/section>\n\t\t<div class=\"elementor-element elementor-element-6275833 e-flex e-con-boxed e-con e-parent\" data-id=\"6275833\" data-element_type=\"container\" data-e-type=\"container\">\n\t\t\t\t\t<div class=\"e-con-inner\">\n\t\t\t\t<div class=\"elementor-element elementor-element-e7382c7 elementor-widget elementor-widget-text-editor\" data-id=\"e7382c7\" data-element_type=\"widget\" data-e-type=\"widget\" data-widget_type=\"text-editor.default\">\n\t\t\t\t<div class=\"elementor-widget-container\">\n\t\t\t\t\t\t\t\t\t<p>Les migrations constituent un ph\u00e9nom\u00e8ne mondial. Les gens migrent pour diverses raisons\u00a0: certaines pour des raisons personnelles, d\u2019autres en raison de d\u00e9placements forc\u00e9s caus\u00e9s par des catastrophes naturelles ou des guerres. Au total, le nombre estim\u00e9 de migrants internationaux a atteint 304 millions en 2024 au cours des cinq derni\u00e8res d\u00e9cennies.<\/p>\n<p>L&#039;Institut d&#039;\u00e9tudes sur la diaspora et l&#039;interculturalit\u00e9 (IDIS) se consacre \u00e0 l&#039;\u00e9tude des communaut\u00e9s diasporiques, des interactions interculturelles et de la mobilit\u00e9 internationale. L&#039;IDIS s&#039;attache \u00e0 comprendre les dynamiques culturelles, les r\u00e9seaux sociaux et les identit\u00e9s des migrants, ainsi que l&#039;impact des \u00e9changes interculturels. Son objectif est de fournir des donn\u00e9es de recherche sur les probl\u00e9matiques concr\u00e8tes rencontr\u00e9es par les migrants et les personnes vivant hors de leur pays d&#039;origine, et de d\u00e9velopper des ressources pour accompagner les communaut\u00e9s diasporiques et le pays d&#039;accueil dans la construction d&#039;une soci\u00e9t\u00e9 r\u00e9concili\u00e9e et pacifique.<\/p>\n<h3><strong>L&#039;IDIS traite des domaines de recherche suivants<\/strong><\/h3>\n<ul>\n<li><strong>\u00c9tudes sur la diaspora<\/strong>\u00c9tude de la vie, des cultures, de l&#039;histoire et des impacts des communaut\u00e9s diasporiques, notamment de la mani\u00e8re dont elles maintiennent des liens avec leurs cultures d&#039;origine tout en s&#039;int\u00e9grant dans de nouvelles soci\u00e9t\u00e9s.\u00a0<\/li>\n<li><strong> \u00e9tudes sur les migrations<\/strong>: \u00c9tude des sch\u00e9mas migratoires, de leurs causes et de leurs effets sur les pays d&#039;origine et les pays d&#039;accueil, ainsi que des exp\u00e9riences v\u00e9cues par les migrants eux-m\u00eames.<\/li>\n<li><strong>communication interculturelle<\/strong>Recherche sur l&#039;interaction, la communication et l&#039;influence des diff\u00e9rentes cultures dans divers contextes mondiaux, y compris les questions de langue, d&#039;identit\u00e9 et d&#039;int\u00e9gration.<\/li>\n<li><strong>Mondialisation et transnationalisme<\/strong>Comprendre l\u2019impact de la mondialisation sur les \u00e9changes culturels, les migrations de personnes et d\u2019id\u00e9es, et l\u2019\u00e9mergence de communaut\u00e9s transnationales.<\/li>\n<li><strong>Identit\u00e9 et appartenance<\/strong>\u00c9tude des mani\u00e8res dont les individus et les groupes cr\u00e9ent, n\u00e9gocient et affirment leurs identit\u00e9s dans des contextes diasporiques, y compris les questions d&#039;ethnicit\u00e9, de religion et d&#039;identit\u00e9 nationale.<\/li>\n<\/ul>\n<h3><strong>Nos services<\/strong><\/h3>\n<ul>\n<li><strong>Recherche<\/strong>Nous proposons des \u00e9tudes empiriques et des publications sur les th\u00e8mes de la diaspora, des migrations, de la communication interculturelle, de la mondialisation et du transnationalisme, de l&#039;identit\u00e9 et de l&#039;appartenance (y compris des entretiens, des \u00e9ditoriaux et des rapports ethnographiques).<\/li>\n<li><strong>\u00c9ducation<\/strong>Nous proposons des formations, du mentorat et des conf\u00e9rences pour les responsables de communaut\u00e9s de migrants, de r\u00e9fugi\u00e9s et de diasporas.<\/li>\n<li><strong>Conseil<\/strong>Nous offrons des conseils sur la diversit\u00e9 culturelle, les communaut\u00e9s multiculturelles, la comp\u00e9tence interculturelle, les probl\u00e9matiques li\u00e9es \u00e0 la deuxi\u00e8me g\u00e9n\u00e9ration, l&#039;identit\u00e9 biculturelle, etc.\u00a0<\/li>\n<li><strong>R\u00e9seautage<\/strong>Nous proposons un r\u00e9seau de diff\u00e9rents groupes de diaspora et de migrants \u00e0 travers des projets, des programmes, des r\u00e9unions et des conf\u00e9rences.<\/li>\n<li><strong>Pression<\/strong>Nous d\u00e9fendons les droits des r\u00e9fugi\u00e9s aupr\u00e8s des Nations Unies \u00e0 Gen\u00e8ve.<\/li>\n<li><strong>Bulletin<\/strong>Nous proposons une lettre d&#039;information trimestrielle pour vous tenir inform\u00e9(e) de nos projets.<\/li>\n<\/ul>\t\t\t\t\t\t\t\t<\/div>\n\t\t\t\t<\/div>\n\t\t\t\t\t<\/div>\n\t\t\t\t<\/div>\n\t\t\t\t<\/div>","protected":false},"excerpt":{"rendered":"<p>Migration ist ein weltweites Ph\u00e4nomen. Die Menschen migrieren aus unterschiedlichen Gr\u00fcnden. Einige aus pers\u00f6nlichen Gr\u00fcnden und andere aufgrund von Zwangsumsiedlungen [&hellip;]<\/p>\n","protected":false},"author":3,"featured_media":0,"parent":15,"menu_order":0,"comment_status":"closed","ping_status":"closed","template":"","meta":{"_seopress_robots_primary_cat":"","_seopress_titles_title":"","_seopress_titles_desc":"","_seopress_robots_index":"","site-sidebar-layout":"no-sidebar","site-content-layout":"","ast-site-content-layout":"full-width-container","site-content-style":"default","site-sidebar-style":"default","ast-global-header-display":"","ast-banner-title-visibility":"","ast-main-header-display":"","ast-hfb-above-header-display":"","ast-hfb-below-header-display":"","ast-hfb-mobile-header-display":"","site-post-title":"disabled","ast-breadcrumbs-content":"","ast-featured-img":"disabled","footer-sml-layout":"","ast-disable-related-posts":"","theme-transparent-header-meta":"","adv-header-id-meta":"","stick-header-meta":"","header-above-stick-meta":"","header-main-stick-meta":"","header-below-stick-meta":"","astra-migrate-meta-layouts":"default","ast-page-background-enabled":"default","ast-page-background-meta":{"desktop":{"background-color":"var(--ast-global-color-4)","background-image":"","background-repeat":"repeat","background-position":"center center","background-size":"auto","background-attachment":"scroll","background-type":"","background-media":"","overlay-type":"","overlay-color":"","overlay-opacity":"","overlay-gradient":""},"tablet":{"background-color":"","background-image":"","background-repeat":"repeat","background-position":"center center","background-size":"auto","background-attachment":"scroll","background-type":"","background-media":"","overlay-type":"","overlay-color":"","overlay-opacity":"","overlay-gradient":""},"mobile":{"background-color":"","background-image":"","background-repeat":"repeat","background-position":"center center","background-size":"auto","background-attachment":"scroll","background-type":"","background-media":"","overlay-type":"","overlay-color":"","overlay-opacity":"","overlay-gradient":""}},"ast-content-background-meta":{"desktop":{"background-color":"var(--ast-global-color-5)","background-image":"","background-repeat":"repeat","background-position":"center center","background-size":"auto","background-attachment":"scroll","background-type":"","background-media":"","overlay-type":"","overlay-color":"","overlay-opacity":"","overlay-gradient":""},"tablet":{"background-color":"var(--ast-global-color-5)","background-image":"","background-repeat":"repeat","background-position":"center center","background-size":"auto","background-attachment":"scroll","background-type":"","background-media":"","overlay-type":"","overlay-color":"","overlay-opacity":"","overlay-gradient":""},"mobile":{"background-color":"var(--ast-global-color-5)","background-image":"","background-repeat":"repeat","background-position":"center center","background-size":"auto","background-attachment":"scroll","background-type":"","background-media":"","overlay-type":"","overlay-color":"","overlay-opacity":"","overlay-gradient":""}},"footnotes":""},"class_list":["post-862","page","type-page","status-publish","hentry"],"_links":{"self":[{"href":"https:\/\/partnership.worldea.org\/fr\/wp-json\/wp\/v2\/pages\/862","targetHints":{"allow":["GET"]}}],"collection":[{"href":"https:\/\/partnership.worldea.org\/fr\/wp-json\/wp\/v2\/pages"}],"about":[{"href":"https:\/\/partnership.worldea.org\/fr\/wp-json\/wp\/v2\/types\/page"}],"author":[{"embeddable":true,"href":"https:\/\/partnership.worldea.org\/fr\/wp-json\/wp\/v2\/users\/3"}],"replies":[{"embeddable":true,"href":"https:\/\/partnership.worldea.org\/fr\/wp-json\/wp\/v2\/comments?post=862"}],"version-history":[{"count":4,"href":"https:\/\/partnership.worldea.org\/fr\/wp-json\/wp\/v2\/pages\/862\/revisions"}],"predecessor-version":[{"id":868,"href":"https:\/\/partnership.worldea.org\/fr\/wp-json\/wp\/v2\/pages\/862\/revisions\/868"}],"up":[{"embeddable":true,"href":"https:\/\/partnership.worldea.org\/fr\/wp-json\/wp\/v2\/pages\/15"}],"wp:attachment":[{"href":"https:\/\/partnership.worldea.org\/fr\/wp-json\/wp\/v2\/media?parent=862"}],"curies":[{"name":"wp","href":"https:\/\/api.w.org\/{rel}","templated":true}]}}