{"id":854,"date":"2025-03-14T18:36:15","date_gmt":"2025-03-14T16:36:15","guid":{"rendered":"https:\/\/partnership.worldea.org\/?page_id=854"},"modified":"2025-06-06T12:33:24","modified_gmt":"2025-06-06T10:33:24","slug":"ueber-unsere-arbeit","status":"publish","type":"page","link":"https:\/\/partnership.worldea.org\/fr\/wer-wir-sind\/ueber-unsere-arbeit\/","title":{"rendered":"\u00c0 propos de notre travail"},"content":{"rendered":"<div data-elementor-type=\"wp-page\" data-elementor-id=\"854\" class=\"elementor elementor-854\" data-elementor-post-type=\"page\">\n\t\t\t\t\t\t<section class=\"elementor-section elementor-top-section elementor-element elementor-element-c3f46f4 elementor-section-content-bottom elementor-section-boxed elementor-section-height-default elementor-section-height-default\" data-id=\"c3f46f4\" data-element_type=\"section\" data-e-type=\"section\" data-settings=\"{&quot;background_background&quot;:&quot;classic&quot;}\">\n\t\t\t\t\t\t\t<div class=\"elementor-background-overlay\"><\/div>\n\t\t\t\t\t\t\t<div class=\"elementor-container elementor-column-gap-extended\">\n\t\t\t\t\t<div class=\"elementor-column elementor-col-100 elementor-top-column elementor-element elementor-element-4f9fda49\" data-id=\"4f9fda49\" data-element_type=\"column\" data-e-type=\"column\">\n\t\t\t<div class=\"elementor-widget-wrap elementor-element-populated\">\n\t\t\t\t\t\t\t<\/div>\n\t\t<\/div>\n\t\t\t\t\t<\/div>\n\t\t<\/section>\n\t\t<div class=\"elementor-element elementor-element-6275833 e-flex e-con-boxed e-con e-parent\" data-id=\"6275833\" data-element_type=\"container\" data-e-type=\"container\">\n\t\t\t\t\t<div class=\"e-con-inner\">\n\t\t\t\t<div class=\"elementor-element elementor-element-e7382c7 elementor-widget elementor-widget-text-editor\" data-id=\"e7382c7\" data-element_type=\"widget\" data-e-type=\"widget\" data-widget_type=\"text-editor.default\">\n\t\t\t\t<div class=\"elementor-widget-container\">\n\t\t\t\t\t\t\t\t\tWEA Partnership eV s\u2019engage pour un monde o\u00f9 chacun puisse vivre dans la dignit\u00e9, la paix et la justice. Elle s\u2019efforce de mettre en pratique la charit\u00e9 chr\u00e9tienne en apportant espoir et soutien aux personnes d\u00e9munies et d\u00e9favoris\u00e9es.\n<ul>\n \t<li><strong>Aide d&#039;urgence<\/strong>Un soutien imm\u00e9diat en cas de crise, comme lors de catastrophes naturelles, de conflits ou d&#039;urgences humanitaires, afin d&#039;assurer la survie et la satisfaction des besoins fondamentaux des personnes touch\u00e9es.<\/li>\n \t<li><strong>travaux de d\u00e9veloppement<\/strong>Promouvoir des projets de d\u00e9veloppement durable visant \u00e0 am\u00e9liorer les conditions de vie des populations, \u00e0 promouvoir l&#039;\u00e9ducation, \u00e0 cr\u00e9er des opportunit\u00e9s \u00e9conomiques et \u00e0 renforcer la sant\u00e9.<\/li>\n \t<li><strong>justice sociale<\/strong>: Engagement en faveur des droits et de la dignit\u00e9 des groupes d\u00e9favoris\u00e9s et marginalis\u00e9s afin de lutter contre les in\u00e9galit\u00e9s sociales et de promouvoir la justice.<\/li>\n \t<li><strong>libert\u00e9 de religion<\/strong>Promotion du paradigme du d\u00e9veloppement durable et information des acteurs religieux et eccl\u00e9siastiques, tant au niveau national qu&#039;international, ainsi que des \u00e9v\u00e9nements sur les th\u00e8mes du d\u00e9veloppement durable et de son ancrage th\u00e9ologique dans la religion.<\/li>\n \t<li><strong>Recherche<\/strong>Mener et soutenir des projets de recherche afin de mieux comprendre les besoins des communaut\u00e9s, d&#039;\u00e9laborer des strat\u00e9gies d&#039;aide efficaces et d&#039;\u00e9valuer l&#039;impact des programmes.<\/li>\n \t<li><strong>Partenariats<\/strong>Collaborer avec les communaut\u00e9s locales, les gouvernements, les institutions universitaires et d&#039;autres organisations afin de mettre en commun les ressources et d&#039;optimiser l&#039;efficacit\u00e9 de l&#039;aide.<\/li>\n<\/ul>\nPar sa mission et sa vision, WEA Partnership eV vise non seulement \u00e0 r\u00e9pondre aux besoins imm\u00e9diats, mais aussi \u00e0 apporter des changements positifs \u00e0 long terme dans les soci\u00e9t\u00e9s et les communaut\u00e9s au sein desquelles elle op\u00e8re.\t\t\t\t\t\t\t\t<\/div>\n\t\t\t\t<\/div>\n\t\t\t\t\t<\/div>\n\t\t\t\t<\/div>\n\t\t\t\t<\/div>","protected":false},"excerpt":{"rendered":"<p>Die WEA Partnership e.V. setzt sich f\u00fcr eine Welt ein, in der alle Menschen in W\u00fcrde, Frieden und Gerechtigkeit leben [&hellip;]<\/p>\n","protected":false},"author":3,"featured_media":0,"parent":11,"menu_order":0,"comment_status":"closed","ping_status":"closed","template":"","meta":{"_seopress_robots_primary_cat":"","_seopress_titles_title":"","_seopress_titles_desc":"","_seopress_robots_index":"","site-sidebar-layout":"no-sidebar","site-content-layout":"","ast-site-content-layout":"full-width-container","site-content-style":"default","site-sidebar-style":"default","ast-global-header-display":"","ast-banner-title-visibility":"","ast-main-header-display":"","ast-hfb-above-header-display":"","ast-hfb-below-header-display":"","ast-hfb-mobile-header-display":"","site-post-title":"disabled","ast-breadcrumbs-content":"","ast-featured-img":"disabled","footer-sml-layout":"","ast-disable-related-posts":"","theme-transparent-header-meta":"","adv-header-id-meta":"","stick-header-meta":"","header-above-stick-meta":"","header-main-stick-meta":"","header-below-stick-meta":"","astra-migrate-meta-layouts":"default","ast-page-background-enabled":"default","ast-page-background-meta":{"desktop":{"background-color":"var(--ast-global-color-4)","background-image":"","background-repeat":"repeat","background-position":"center center","background-size":"auto","background-attachment":"scroll","background-type":"","background-media":"","overlay-type":"","overlay-color":"","overlay-opacity":"","overlay-gradient":""},"tablet":{"background-color":"","background-image":"","background-repeat":"repeat","background-position":"center center","background-size":"auto","background-attachment":"scroll","background-type":"","background-media":"","overlay-type":"","overlay-color":"","overlay-opacity":"","overlay-gradient":""},"mobile":{"background-color":"","background-image":"","background-repeat":"repeat","background-position":"center center","background-size":"auto","background-attachment":"scroll","background-type":"","background-media":"","overlay-type":"","overlay-color":"","overlay-opacity":"","overlay-gradient":""}},"ast-content-background-meta":{"desktop":{"background-color":"var(--ast-global-color-5)","background-image":"","background-repeat":"repeat","background-position":"center center","background-size":"auto","background-attachment":"scroll","background-type":"","background-media":"","overlay-type":"","overlay-color":"","overlay-opacity":"","overlay-gradient":""},"tablet":{"background-color":"var(--ast-global-color-5)","background-image":"","background-repeat":"repeat","background-position":"center center","background-size":"auto","background-attachment":"scroll","background-type":"","background-media":"","overlay-type":"","overlay-color":"","overlay-opacity":"","overlay-gradient":""},"mobile":{"background-color":"var(--ast-global-color-5)","background-image":"","background-repeat":"repeat","background-position":"center center","background-size":"auto","background-attachment":"scroll","background-type":"","background-media":"","overlay-type":"","overlay-color":"","overlay-opacity":"","overlay-gradient":""}},"footnotes":""},"class_list":["post-854","page","type-page","status-publish","hentry"],"_links":{"self":[{"href":"https:\/\/partnership.worldea.org\/fr\/wp-json\/wp\/v2\/pages\/854","targetHints":{"allow":["GET"]}}],"collection":[{"href":"https:\/\/partnership.worldea.org\/fr\/wp-json\/wp\/v2\/pages"}],"about":[{"href":"https:\/\/partnership.worldea.org\/fr\/wp-json\/wp\/v2\/types\/page"}],"author":[{"embeddable":true,"href":"https:\/\/partnership.worldea.org\/fr\/wp-json\/wp\/v2\/users\/3"}],"replies":[{"embeddable":true,"href":"https:\/\/partnership.worldea.org\/fr\/wp-json\/wp\/v2\/comments?post=854"}],"version-history":[{"count":11,"href":"https:\/\/partnership.worldea.org\/fr\/wp-json\/wp\/v2\/pages\/854\/revisions"}],"predecessor-version":[{"id":1026,"href":"https:\/\/partnership.worldea.org\/fr\/wp-json\/wp\/v2\/pages\/854\/revisions\/1026"}],"up":[{"embeddable":true,"href":"https:\/\/partnership.worldea.org\/fr\/wp-json\/wp\/v2\/pages\/11"}],"wp:attachment":[{"href":"https:\/\/partnership.worldea.org\/fr\/wp-json\/wp\/v2\/media?parent=854"}],"curies":[{"name":"wp","href":"https:\/\/api.w.org\/{rel}","templated":true}]}}