{"id":770,"date":"2025-01-27T12:07:57","date_gmt":"2025-01-27T10:07:57","guid":{"rendered":"https:\/\/wea-partnership.perfectlydigital.dev\/?page_id=770"},"modified":"2025-01-27T12:32:54","modified_gmt":"2025-01-27T10:32:54","slug":"friedensforderung","status":"publish","type":"page","link":"https:\/\/partnership.worldea.org\/fr\/was-wir-tun\/friedensforderung\/","title":{"rendered":"consolidation de la paix"},"content":{"rendered":"\t\t<div data-elementor-type=\"wp-page\" data-elementor-id=\"770\" class=\"elementor elementor-770\" data-elementor-post-type=\"page\">\n\t\t\t\t\t\t<section class=\"elementor-section elementor-top-section elementor-element elementor-element-08be064 elementor-section-content-bottom elementor-section-boxed elementor-section-height-default elementor-section-height-default\" data-id=\"08be064\" data-element_type=\"section\" data-e-type=\"section\" data-settings=\"{&quot;background_background&quot;:&quot;classic&quot;,&quot;background_motion_fx_motion_fx_scrolling&quot;:&quot;yes&quot;,&quot;background_motion_fx_devices&quot;:[&quot;desktop&quot;,&quot;tablet&quot;,&quot;mobile&quot;]}\">\n\t\t\t\t\t\t\t<div class=\"elementor-background-overlay\"><\/div>\n\t\t\t\t\t\t\t<div class=\"elementor-container elementor-column-gap-extended\">\n\t\t\t\t\t<div class=\"elementor-column elementor-col-100 elementor-top-column elementor-element elementor-element-2995f4a\" data-id=\"2995f4a\" data-element_type=\"column\" data-e-type=\"column\">\n\t\t\t<div class=\"elementor-widget-wrap elementor-element-populated\">\n\t\t\t\t\t\t<div class=\"elementor-element elementor-element-25099c0 elementor-widget elementor-widget-heading\" data-id=\"25099c0\" data-element_type=\"widget\" data-e-type=\"widget\" data-widget_type=\"heading.default\">\n\t\t\t\t<div class=\"elementor-widget-container\">\n\t\t\t\t\t<h2 class=\"elementor-heading-title elementor-size-default\">Friedensf\u00f6rderung<\/h2>\t\t\t\t<\/div>\n\t\t\t\t<\/div>\n\t\t\t\t\t<\/div>\n\t\t<\/div>\n\t\t\t\t\t<\/div>\n\t\t<\/section>\n\t\t\t\t<section class=\"elementor-section elementor-top-section elementor-element elementor-element-30c2bc4 elementor-section-boxed elementor-section-height-default elementor-section-height-default\" data-id=\"30c2bc4\" data-element_type=\"section\" data-e-type=\"section\" id=\"partnership\">\n\t\t\t\t\t\t<div class=\"elementor-container elementor-column-gap-default\">\n\t\t\t\t\t<div class=\"elementor-column elementor-col-100 elementor-top-column elementor-element elementor-element-1936d28\" data-id=\"1936d28\" data-element_type=\"column\" data-e-type=\"column\">\n\t\t\t<div class=\"elementor-widget-wrap elementor-element-populated\">\n\t\t\t\t\t\t<section class=\"elementor-section elementor-inner-section elementor-element elementor-element-1fd57e2 elementor-section-content-top elementor-section-boxed elementor-section-height-default elementor-section-height-default\" data-id=\"1fd57e2\" data-element_type=\"section\" data-e-type=\"section\">\n\t\t\t\t\t\t<div class=\"elementor-container elementor-column-gap-no\">\n\t\t\t\t\t<div class=\"elementor-column elementor-col-50 elementor-inner-column elementor-element elementor-element-e4dc01a\" data-id=\"e4dc01a\" data-element_type=\"column\" data-e-type=\"column\" data-settings=\"{&quot;background_background&quot;:&quot;classic&quot;}\">\n\t\t\t<div class=\"elementor-widget-wrap elementor-element-populated\">\n\t\t\t\t\t\t<div class=\"elementor-element elementor-element-52d86b5 elementor-widget elementor-widget-heading\" data-id=\"52d86b5\" data-element_type=\"widget\" data-e-type=\"widget\" data-widget_type=\"heading.default\">\n\t\t\t\t<div class=\"elementor-widget-container\">\n\t\t\t\t\t<h2 class=\"elementor-heading-title elementor-size-default\">Eine wirkungsvolle Stimme an den Vereinten Nationen<\/h2>\t\t\t\t<\/div>\n\t\t\t\t<\/div>\n\t\t\t\t<div class=\"elementor-element elementor-element-05e9ab6 elementor-widget elementor-widget-text-editor\" data-id=\"05e9ab6\" data-element_type=\"widget\" data-e-type=\"widget\" data-widget_type=\"text-editor.default\">\n\t\t\t\t<div class=\"elementor-widget-container\">\n\t\t\t\t\t\t\t\t\t<p>Als zweitgr\u00f6\u00dfte Kirchenbewegung der Welt vertritt die Weltweite Evangelische Allianz (WEA) die Interessen von \u00fcber 600 Millionen evangelikalen Christen in 143 Nationalallianzen an den Vereinten Nationen in Genf, Bonn und New York.<\/p><p>Das Menschenrechtsrat der Vereinten Nationen sitzt an der UNO in Genf. Im Zuge des Allgemeinen Periodischen L\u00e4nder\u00fcberpr\u00fcfungsverfahrens (Universal Periodic Review, UPR) werden im Turnus von viereinhalb Jahren alle 193 UN-Mitgliedsstaaten hinsichtlich ihrer Einhaltung der Menschenrechte evaluiert. Unsere Bem\u00fchungen widmen sich insbesondere dem Einsatz f\u00fcr solche L\u00e4nder, in denen die Menschenrechte und Religionsfreiheit unserer Glaubensgeschwister sowie anderer Minorit\u00e4ten verletzt werden. Wir wirken beim Menschenrechtsrats durch Berichterstattung und m\u00fcndliche Erkl\u00e4rungen (Oral Statements) mit, um auf die prek\u00e4re Situation unterdr\u00fcckter und verfolgter Christen und anderer religi\u00f6ser Minderheiten weltweit hinzuweisen und Vorschl\u00e4ge f\u00fcr deren Verbesserung zu formulieren.<\/p><p>Gleichzeitig investieren sich unsere St\u00e4ndigen Vertreter in diskrete, dialogorientierte Diplomatie (Soft Diplomacy) und Beziehungsarbeit mit Botschaftern, Staatschefs, Ministern und anderen hochrangigen politischen Vertretern. Auf diese Weise unterhalten wir fern der Medien offene Gespr\u00e4chskan\u00e4le mit herausfordernden Staaten und interagieren im Zuge friedensstiftender sowie konfliktl\u00f6sender Interventionen mit Regierungen und religi\u00f6sen F\u00fchrern vor Ort, um f\u00fcr unsere Kirchen und andere Glaubensgemeinschaften einzutreten \u2013 und manchmal sogar Leben zu retten.<\/p><p>Dieser zweigleisige Ansatz hat sich als \u00e4u\u00dferst effektiv erwiesen, um unseren Glaubensgeschwistern in aller Welt erfolgreich dienen zu k\u00f6nnen.<\/p><p>Weitere Informationen finden Sie auf unserer englischen Webseite: <a href=\"https:\/\/un.worldea.org\/geneva-office\/\">https:\/\/un.worldea.org\/geneva-office\/<\/a><\/p>\t\t\t\t\t\t\t\t<\/div>\n\t\t\t\t<\/div>\n\t\t\t\t\t<\/div>\n\t\t<\/div>\n\t\t\t\t<div class=\"elementor-column elementor-col-50 elementor-inner-column elementor-element elementor-element-7dfdc65\" data-id=\"7dfdc65\" data-element_type=\"column\" data-e-type=\"column\" data-settings=\"{&quot;background_background&quot;:&quot;classic&quot;}\">\n\t\t\t<div class=\"elementor-widget-wrap elementor-element-populated\">\n\t\t\t\t\t\t<div class=\"elementor-element elementor-element-d32f175 elementor-widget elementor-widget-image\" data-id=\"d32f175\" data-element_type=\"widget\" data-e-type=\"widget\" data-widget_type=\"image.default\">\n\t\t\t\t<div class=\"elementor-widget-container\">\n\t\t\t\t\t\t\t\t\t\t\t\t\t\t\t<img alt=\"\" fetchpriority=\"high\" decoding=\"async\" width=\"900\" height=\"900\" src=\"https:\/\/partnership.worldea.org\/wp-content\/uploads\/2025\/01\/WEA-Geneva-PR-Gaetan-Roy-with-German-Chancellor-Olaf-Scholz-2024-900.jpg\" class=\"attachment-large size-large wp-image-775\" alt=\"\" \/>\t\t\t\t\t\t\t\t\t\t\t\t\t\t\t<\/div>\n\t\t\t\t<\/div>\n\t\t\t\t<div class=\"elementor-element elementor-element-e7fa2e0 elementor-widget elementor-widget-image\" data-id=\"e7fa2e0\" data-element_type=\"widget\" data-e-type=\"widget\" data-widget_type=\"image.default\">\n\t\t\t\t<div class=\"elementor-widget-container\">\n\t\t\t\t\t\t\t\t\t\t\t\t\t\t\t<img alt=\"\" decoding=\"async\" width=\"900\" height=\"900\" src=\"https:\/\/partnership.worldea.org\/wp-content\/uploads\/2025\/01\/WEA-Geneva-PR-Gaetan-Roy-with-UNHCR-Filippo-Grandi-2023-900.jpg\" class=\"attachment-large size-large wp-image-776\" alt=\"\" \/>\t\t\t\t\t\t\t\t\t\t\t\t\t\t\t<\/div>\n\t\t\t\t<\/div>\n\t\t\t\t<div class=\"elementor-element elementor-element-94f8612 elementor-widget elementor-widget-image\" data-id=\"94f8612\" data-element_type=\"widget\" data-e-type=\"widget\" data-widget_type=\"image.default\">\n\t\t\t\t<div class=\"elementor-widget-container\">\n\t\t\t\t\t\t\t\t\t\t\t\t\t\t\t<img alt=\"\" decoding=\"async\" width=\"900\" height=\"900\" src=\"https:\/\/partnership.worldea.org\/wp-content\/uploads\/2025\/01\/Interns-from-the-EA-of-Kenia-with-WEA-Geneva-Communications-and-Advocacy-Officer-Markus-Hofer-2023-900.jpg\" class=\"attachment-large size-large wp-image-773\" alt=\"\" \/>\t\t\t\t\t\t\t\t\t\t\t\t\t\t\t<\/div>\n\t\t\t\t<\/div>\n\t\t\t\t\t<\/div>\n\t\t<\/div>\n\t\t\t\t\t<\/div>\n\t\t<\/section>\n\t\t\t\t\t<\/div>\n\t\t<\/div>\n\t\t\t\t\t<\/div>\n\t\t<\/section>\n\t\t\t\t<\/div>\n\t\t","protected":false},"excerpt":{"rendered":"<p>Friedensf\u00f6rderung Eine wirkungsvolle Stimme an den Vereinten Nationen Als zweitgr\u00f6\u00dfte Kirchenbewegung der Welt vertritt die Weltweite Evangelische Allianz (WEA) die [&hellip;]<\/p>\n","protected":false},"author":3,"featured_media":0,"parent":15,"menu_order":1,"comment_status":"closed","ping_status":"closed","template":"","meta":{"_seopress_robots_primary_cat":"","_seopress_titles_title":"","_seopress_titles_desc":"","_seopress_robots_index":"","site-sidebar-layout":"no-sidebar","site-content-layout":"","ast-site-content-layout":"full-width-container","site-content-style":"default","site-sidebar-style":"default","ast-global-header-display":"","ast-banner-title-visibility":"","ast-main-header-display":"","ast-hfb-above-header-display":"","ast-hfb-below-header-display":"","ast-hfb-mobile-header-display":"","site-post-title":"disabled","ast-breadcrumbs-content":"","ast-featured-img":"disabled","footer-sml-layout":"","ast-disable-related-posts":"","theme-transparent-header-meta":"","adv-header-id-meta":"","stick-header-meta":"","header-above-stick-meta":"","header-main-stick-meta":"","header-below-stick-meta":"","astra-migrate-meta-layouts":"default","ast-page-background-enabled":"default","ast-page-background-meta":{"desktop":{"background-color":"var(--ast-global-color-4)","background-image":"","background-repeat":"repeat","background-position":"center center","background-size":"auto","background-attachment":"scroll","background-type":"","background-media":"","overlay-type":"","overlay-color":"","overlay-opacity":"","overlay-gradient":""},"tablet":{"background-color":"","background-image":"","background-repeat":"repeat","background-position":"center center","background-size":"auto","background-attachment":"scroll","background-type":"","background-media":"","overlay-type":"","overlay-color":"","overlay-opacity":"","overlay-gradient":""},"mobile":{"background-color":"","background-image":"","background-repeat":"repeat","background-position":"center center","background-size":"auto","background-attachment":"scroll","background-type":"","background-media":"","overlay-type":"","overlay-color":"","overlay-opacity":"","overlay-gradient":""}},"ast-content-background-meta":{"desktop":{"background-color":"var(--ast-global-color-5)","background-image":"","background-repeat":"repeat","background-position":"center center","background-size":"auto","background-attachment":"scroll","background-type":"","background-media":"","overlay-type":"","overlay-color":"","overlay-opacity":"","overlay-gradient":""},"tablet":{"background-color":"var(--ast-global-color-5)","background-image":"","background-repeat":"repeat","background-position":"center center","background-size":"auto","background-attachment":"scroll","background-type":"","background-media":"","overlay-type":"","overlay-color":"","overlay-opacity":"","overlay-gradient":""},"mobile":{"background-color":"var(--ast-global-color-5)","background-image":"","background-repeat":"repeat","background-position":"center center","background-size":"auto","background-attachment":"scroll","background-type":"","background-media":"","overlay-type":"","overlay-color":"","overlay-opacity":"","overlay-gradient":""}},"footnotes":""},"class_list":["post-770","page","type-page","status-publish","hentry"],"_links":{"self":[{"href":"https:\/\/partnership.worldea.org\/fr\/wp-json\/wp\/v2\/pages\/770","targetHints":{"allow":["GET"]}}],"collection":[{"href":"https:\/\/partnership.worldea.org\/fr\/wp-json\/wp\/v2\/pages"}],"about":[{"href":"https:\/\/partnership.worldea.org\/fr\/wp-json\/wp\/v2\/types\/page"}],"author":[{"embeddable":true,"href":"https:\/\/partnership.worldea.org\/fr\/wp-json\/wp\/v2\/users\/3"}],"replies":[{"embeddable":true,"href":"https:\/\/partnership.worldea.org\/fr\/wp-json\/wp\/v2\/comments?post=770"}],"version-history":[{"count":7,"href":"https:\/\/partnership.worldea.org\/fr\/wp-json\/wp\/v2\/pages\/770\/revisions"}],"predecessor-version":[{"id":783,"href":"https:\/\/partnership.worldea.org\/fr\/wp-json\/wp\/v2\/pages\/770\/revisions\/783"}],"up":[{"embeddable":true,"href":"https:\/\/partnership.worldea.org\/fr\/wp-json\/wp\/v2\/pages\/15"}],"wp:attachment":[{"href":"https:\/\/partnership.worldea.org\/fr\/wp-json\/wp\/v2\/media?parent=770"}],"curies":[{"name":"wp","href":"https:\/\/api.w.org\/{rel}","templated":true}]}}