{"id":741,"date":"2025-01-09T10:21:26","date_gmt":"2025-01-09T08:21:26","guid":{"rendered":"https:\/\/wea-partnership.perfectlydigital.dev\/?page_id=741"},"modified":"2025-06-06T12:34:09","modified_gmt":"2025-06-06T10:34:09","slug":"geschichte-der-wea","status":"publish","type":"page","link":"https:\/\/partnership.worldea.org\/fr\/wer-wir-sind\/geschichte-der-wea\/","title":{"rendered":"Histoire des \u00e9oliennes"},"content":{"rendered":"<div data-elementor-type=\"wp-page\" data-elementor-id=\"741\" class=\"elementor elementor-741\" data-elementor-post-type=\"page\">\n\t\t\t\t\t\t<section class=\"elementor-section elementor-top-section elementor-element elementor-element-c3f46f4 elementor-section-content-bottom elementor-section-boxed elementor-section-height-default elementor-section-height-default\" data-id=\"c3f46f4\" data-element_type=\"section\" data-e-type=\"section\" data-settings=\"{&quot;background_background&quot;:&quot;classic&quot;}\">\n\t\t\t\t\t\t\t<div class=\"elementor-background-overlay\"><\/div>\n\t\t\t\t\t\t\t<div class=\"elementor-container elementor-column-gap-extended\">\n\t\t\t\t\t<div class=\"elementor-column elementor-col-100 elementor-top-column elementor-element elementor-element-4f9fda49\" data-id=\"4f9fda49\" data-element_type=\"column\" data-e-type=\"column\">\n\t\t\t<div class=\"elementor-widget-wrap elementor-element-populated\">\n\t\t\t\t\t\t\t<\/div>\n\t\t<\/div>\n\t\t\t\t\t<\/div>\n\t\t<\/section>\n\t\t<div class=\"elementor-element elementor-element-6275833 e-flex e-con-boxed e-con e-parent\" data-id=\"6275833\" data-element_type=\"container\" data-e-type=\"container\">\n\t\t\t\t\t<div class=\"e-con-inner\">\n\t\t\t\t<div class=\"elementor-element elementor-element-e7382c7 elementor-widget elementor-widget-text-editor\" data-id=\"e7382c7\" data-element_type=\"widget\" data-e-type=\"widget\" data-widget_type=\"text-editor.default\">\n\t\t\t\t<div class=\"elementor-widget-container\">\n\t\t\t\t\t\t\t\t\t<p>WEA Partnership eV a \u00e9t\u00e9 fond\u00e9e \u00e0 Bonn en 2022 et appartient \u00e0 la famille de l&#039;Alliance \u00e9vang\u00e9lique mondiale (WEA).<\/p><p>L\u2019Alliance \u00e9vang\u00e9lique mondiale (AEM) a \u00e9t\u00e9 fond\u00e9e \u00e0 Londres en 1846. Ce r\u00e9seau d\u2019\u00c9glises et d\u2019organisations \u00e9vang\u00e9liques \u0153uvre pour l\u2019unit\u00e9 et la coop\u00e9ration des chr\u00e9tiens \u00e9vang\u00e9liques du monde entier. Sa fondation s\u2019est inscrite dans un contexte o\u00f9 de nombreuses communaut\u00e9s \u00e9vang\u00e9liques d\u2019Europe et d\u2019Am\u00e9rique du Nord cherchaient \u00e0 s\u2019unir et \u00e0 collaborer pour la diffusion de l\u2019\u00c9vangile.<\/p><p>La premi\u00e8re r\u00e9union s&#039;est tenue \u00e0 Londres, o\u00f9 des repr\u00e9sentants de diff\u00e9rents pays et confessions se sont r\u00e9unis pour discuter de pr\u00e9occupations communes telles que la mission, la justice sociale et la d\u00e9fense de la foi. Au fil des ans, l&#039;Alliance \u00e9vang\u00e9lique mondiale (AEM) a jou\u00e9 un r\u00f4le essentiel en favorisant le dialogue entre les diff\u00e9rentes traditions \u00e9vang\u00e9liques et en d\u00e9fendant les droits des chr\u00e9tiens dans diverses r\u00e9gions du monde.<\/p><p>Au fil du temps, l&#039;Alliance est devenue la plus grande organisation interconfessionnelle de chr\u00e9tiens \u00e9vang\u00e9liques au monde, regroupant aujourd&#039;hui plus de 600 millions de membres issus de milliers d&#039;\u00e9glises et d&#039;organisations dans plus de 143 pays. Elle est active dans divers domaines, notamment l&#039;\u00e9ducation, l&#039;aide humanitaire et la promotion de la paix et de la justice.<\/p><p>L&#039;Alliance \u00e9vang\u00e9lique mondiale (AEM) est \u00e9galement connue pour ses conf\u00e9rences et assembl\u00e9es internationales, qui abordent des questions d&#039;importance mondiale, et elle travaille en \u00e9troite collaboration avec d&#039;autres organisations chr\u00e9tiennes pour atteindre des objectifs communs.<\/p><p>\u00a0Vous trouverez de plus amples informations sur notre site web en anglais\u00a0: <a href=\"https:\/\/worldea.org\/\">https:\/\/worldea.org\/<\/a><\/p>\t\t\t\t\t\t\t\t<\/div>\n\t\t\t\t<\/div>\n\t\t\t\t\t<\/div>\n\t\t\t\t<\/div>\n\t\t\t\t<\/div>","protected":false},"excerpt":{"rendered":"<p>Die WEA Partnership e.V. wurde 2022 in Bonn gegr\u00fcndet und geh\u00f6rt zur Familie der Weltweiten Evangelischen Allianz (WEA). Die WEA [&hellip;]<\/p>\n","protected":false},"author":3,"featured_media":0,"parent":11,"menu_order":0,"comment_status":"closed","ping_status":"closed","template":"","meta":{"_seopress_robots_primary_cat":"","_seopress_titles_title":"","_seopress_titles_desc":"","_seopress_robots_index":"","site-sidebar-layout":"no-sidebar","site-content-layout":"","ast-site-content-layout":"full-width-container","site-content-style":"default","site-sidebar-style":"default","ast-global-header-display":"","ast-banner-title-visibility":"","ast-main-header-display":"","ast-hfb-above-header-display":"","ast-hfb-below-header-display":"","ast-hfb-mobile-header-display":"","site-post-title":"disabled","ast-breadcrumbs-content":"","ast-featured-img":"disabled","footer-sml-layout":"","ast-disable-related-posts":"","theme-transparent-header-meta":"","adv-header-id-meta":"","stick-header-meta":"","header-above-stick-meta":"","header-main-stick-meta":"","header-below-stick-meta":"","astra-migrate-meta-layouts":"default","ast-page-background-enabled":"default","ast-page-background-meta":{"desktop":{"background-color":"var(--ast-global-color-4)","background-image":"","background-repeat":"repeat","background-position":"center center","background-size":"auto","background-attachment":"scroll","background-type":"","background-media":"","overlay-type":"","overlay-color":"","overlay-opacity":"","overlay-gradient":""},"tablet":{"background-color":"","background-image":"","background-repeat":"repeat","background-position":"center center","background-size":"auto","background-attachment":"scroll","background-type":"","background-media":"","overlay-type":"","overlay-color":"","overlay-opacity":"","overlay-gradient":""},"mobile":{"background-color":"","background-image":"","background-repeat":"repeat","background-position":"center center","background-size":"auto","background-attachment":"scroll","background-type":"","background-media":"","overlay-type":"","overlay-color":"","overlay-opacity":"","overlay-gradient":""}},"ast-content-background-meta":{"desktop":{"background-color":"var(--ast-global-color-5)","background-image":"","background-repeat":"repeat","background-position":"center center","background-size":"auto","background-attachment":"scroll","background-type":"","background-media":"","overlay-type":"","overlay-color":"","overlay-opacity":"","overlay-gradient":""},"tablet":{"background-color":"var(--ast-global-color-5)","background-image":"","background-repeat":"repeat","background-position":"center center","background-size":"auto","background-attachment":"scroll","background-type":"","background-media":"","overlay-type":"","overlay-color":"","overlay-opacity":"","overlay-gradient":""},"mobile":{"background-color":"var(--ast-global-color-5)","background-image":"","background-repeat":"repeat","background-position":"center center","background-size":"auto","background-attachment":"scroll","background-type":"","background-media":"","overlay-type":"","overlay-color":"","overlay-opacity":"","overlay-gradient":""}},"footnotes":""},"class_list":["post-741","page","type-page","status-publish","hentry"],"_links":{"self":[{"href":"https:\/\/partnership.worldea.org\/fr\/wp-json\/wp\/v2\/pages\/741","targetHints":{"allow":["GET"]}}],"collection":[{"href":"https:\/\/partnership.worldea.org\/fr\/wp-json\/wp\/v2\/pages"}],"about":[{"href":"https:\/\/partnership.worldea.org\/fr\/wp-json\/wp\/v2\/types\/page"}],"author":[{"embeddable":true,"href":"https:\/\/partnership.worldea.org\/fr\/wp-json\/wp\/v2\/users\/3"}],"replies":[{"embeddable":true,"href":"https:\/\/partnership.worldea.org\/fr\/wp-json\/wp\/v2\/comments?post=741"}],"version-history":[{"count":8,"href":"https:\/\/partnership.worldea.org\/fr\/wp-json\/wp\/v2\/pages\/741\/revisions"}],"predecessor-version":[{"id":1028,"href":"https:\/\/partnership.worldea.org\/fr\/wp-json\/wp\/v2\/pages\/741\/revisions\/1028"}],"up":[{"embeddable":true,"href":"https:\/\/partnership.worldea.org\/fr\/wp-json\/wp\/v2\/pages\/11"}],"wp:attachment":[{"href":"https:\/\/partnership.worldea.org\/fr\/wp-json\/wp\/v2\/media?parent=741"}],"curies":[{"name":"wp","href":"https:\/\/api.w.org\/{rel}","templated":true}]}}