{"id":1044,"date":"2025-06-23T15:51:15","date_gmt":"2025-06-23T13:51:15","guid":{"rendered":"https:\/\/partnership.worldea.org\/?page_id=1044"},"modified":"2025-07-02T18:26:27","modified_gmt":"2025-07-02T16:26:27","slug":"not-und-entwicklungshilfe","status":"publish","type":"page","link":"https:\/\/partnership.worldea.org\/fr\/was-wir-tun\/not-und-entwicklungshilfe\/","title":{"rendered":"Aide d&#039;urgence et au d\u00e9veloppement"},"content":{"rendered":"<div data-elementor-type=\"wp-page\" data-elementor-id=\"1044\" class=\"elementor elementor-1044\" data-elementor-post-type=\"page\">\n\t\t\t\t\t\t<section class=\"elementor-section elementor-top-section elementor-element elementor-element-c3f46f4 elementor-section-content-bottom elementor-section-boxed elementor-section-height-default elementor-section-height-default\" data-id=\"c3f46f4\" data-element_type=\"section\" data-e-type=\"section\" data-settings=\"{&quot;background_background&quot;:&quot;classic&quot;}\">\n\t\t\t\t\t\t\t<div class=\"elementor-background-overlay\"><\/div>\n\t\t\t\t\t\t\t<div class=\"elementor-container elementor-column-gap-extended\">\n\t\t\t\t\t<div class=\"elementor-column elementor-col-100 elementor-top-column elementor-element elementor-element-4f9fda49\" data-id=\"4f9fda49\" data-element_type=\"column\" data-e-type=\"column\">\n\t\t\t<div class=\"elementor-widget-wrap elementor-element-populated\">\n\t\t\t\t\t\t\t<\/div>\n\t\t<\/div>\n\t\t\t\t\t<\/div>\n\t\t<\/section>\n\t\t<div class=\"elementor-element elementor-element-6275833 e-flex e-con-boxed e-con e-parent\" data-id=\"6275833\" data-element_type=\"container\" data-e-type=\"container\">\n\t\t\t\t\t<div class=\"e-con-inner\">\n\t\t\t\t<div class=\"elementor-element elementor-element-e7382c7 elementor-widget elementor-widget-text-editor\" data-id=\"e7382c7\" data-element_type=\"widget\" data-e-type=\"widget\" data-widget_type=\"text-editor.default\">\n\t\t\t\t<div class=\"elementor-widget-container\">\n\t\t\t\t\t\t\t\t\t<h3>En cas de catastrophe, nous pouvons apporter une aide imm\u00e9diate et simple gr\u00e2ce \u00e0 des b\u00e9n\u00e9voles issus des communaut\u00e9s locales.<\/h3><p>Le partenariat WEA apporte une aide financi\u00e8re et mat\u00e9rielle en cas de tremblements de terre, de guerre, de famine et d&#039;autres crises. Nous nous appuyons sur nos alliances \u00e9vang\u00e9liques r\u00e9gionales et nationales, en collaboration avec les \u00e9glises et confessions locales.<br \/>Gr\u00e2ce \u00e0 notre r\u00e9seau mondial d&#039;\u00e9glises et d&#039;organisations humanitaires pr\u00e9sentes dans presque tous les pays, nous pouvons collaborer rapidement avec les communaut\u00e9s locales et de nombreux b\u00e9n\u00e9voles en situation de crise. Nous pouvons souvent utiliser les b\u00e2timents des \u00e9glises locales comme abris d&#039;urgence et centres de distribution. WEA Partnership coordonne le soutien financier, la gestion des projets, les rapports et la comptabilit\u00e9 \u00e0 l&#039;\u00e9chelle mondiale. Cela nous permet de d\u00e9multiplier l&#039;impact de notre aide et de limiter les co\u00fbts de personnel dans les zones de crise. De plus, nous pouvons intervenir imm\u00e9diatement dans des zones particuli\u00e8rement difficiles d&#039;acc\u00e8s, o\u00f9 de nombreuses autres organisations humanitaires peinent \u00e0 se rendre.<\/p><h3>Aide \u00e0 la reconstruction et au d\u00e9veloppement<\/h3><p>Dans les zones touch\u00e9es par des crises chroniques, nous soutenons la reconstruction et le d\u00e9veloppement durable sur le terrain. Par exemple, nous avons financ\u00e9 par le pass\u00e9 la construction de citernes d&#039;eau en Somalie, pays frapp\u00e9 par la s\u00e9cheresse, la restauration de maisons et de toitures effondr\u00e9es dans les hauts plateaux d&#039;Afghanistan, ainsi que la reconversion professionnelle de travailleurs du secteur touristique \u00e0 Bethl\u00e9em qui avaient perdu leur emploi suite au blocus de la Cisjordanie.<\/p><h3>Le Centre de crise de l&#039;Alliance mondiale pour l&#039;aide au d\u00e9veloppement coordonne l&#039;aide d&#039;urgence et au d\u00e9veloppement \u00e0 l&#039;\u00e9chelle mondiale.<\/h3><p>Voici le r\u00f4le du Centre de coordination des interventions en cas de crise de la WEA.<\/p><ul><li>Nous renfor\u00e7ons les capacit\u00e9s des intervenants des \u00e9glises locales, ainsi que des alliances \u00e9vang\u00e9liques nationales et r\u00e9gionales et des organisations d&#039;aide chr\u00e9tienne, gr\u00e2ce \u00e0 des formations en mati\u00e8re de secours et de pr\u00e9vention des catastrophes.<\/li><li>Nous soutenons les \u00e9glises locales et les \u00e9quipes d&#039;intervention nationales dans leurs efforts de collecte de fonds afin qu&#039;elles puissent mettre en pratique les comp\u00e9tences acquises en temps de crise.<\/li><li>Nous contribuons \u00e0 la formation des b\u00e9n\u00e9voles pour la cr\u00e9ation de rapports de projets et de rapports financiers destin\u00e9s aux donateurs, aux organisations humanitaires et aux \u00e9glises, ainsi qu&#039;\u00e0 la communication avec les donateurs, notamment par le biais de photos, de vid\u00e9os, de t\u00e9moignages personnels et de publications sur les r\u00e9seaux sociaux.<\/li><li>Nous proposons un accompagnement \u00e0 long terme aux responsables de projets au sein des \u00e9glises, en mati\u00e8re de d\u00e9veloppement organisationnel et de comptabilit\u00e9. De plus, nous investissons dans la formation de mentors locaux et r\u00e9gionaux qui poursuivent ensuite le processus d&#039;accompagnement de mani\u00e8re autonome et le reproduisent dans leur r\u00e9gion ou leur pays.<\/li><li>Nous \u00e9tablissons des liens avec des organisations humanitaires chr\u00e9tiennes internationales et professionnelles afin d&#039;\u00e9largir les possibilit\u00e9s de formation pour les \u00e9glises locales et le personnel cl\u00e9 du pays.<\/li><li>Nous offrons aux \u00e9glises locales et aux Alliances \u00e9vang\u00e9liques nationales des possibilit\u00e9s de r\u00e9seautage et de formation pour \u00e9tablir des liens avec les organisations humanitaires chr\u00e9tiennes internationales et les donateurs gouvernementaux.<\/li><\/ul><p>Pour toute question suppl\u00e9mentaire, n&#039;h\u00e9sitez pas \u00e0 nous contacter. <a href=\"mailto:dgerlach@worldea.org\">Dirk Gerlach<\/a>, contactez le responsable du centre de gestion de crise.<\/p>\t\t\t\t\t\t\t\t<\/div>\n\t\t\t\t<\/div>\n\t\t\t\t\t<\/div>\n\t\t\t\t<\/div>\n\t\t\t\t<\/div>","protected":false},"excerpt":{"rendered":"<p>Bei Katastrophen k\u00f6nnen wir mit Freiwilligen aus den ortsans\u00e4ssigen Gemeinden sofort und unkompliziert helfen Der WEA Partnership hilft finanziell und [&hellip;]<\/p>\n","protected":false},"author":3,"featured_media":0,"parent":15,"menu_order":0,"comment_status":"closed","ping_status":"closed","template":"","meta":{"_seopress_robots_primary_cat":"","_seopress_titles_title":"","_seopress_titles_desc":"","_seopress_robots_index":"","site-sidebar-layout":"no-sidebar","site-content-layout":"","ast-site-content-layout":"full-width-container","site-content-style":"default","site-sidebar-style":"default","ast-global-header-display":"","ast-banner-title-visibility":"","ast-main-header-display":"","ast-hfb-above-header-display":"","ast-hfb-below-header-display":"","ast-hfb-mobile-header-display":"","site-post-title":"disabled","ast-breadcrumbs-content":"","ast-featured-img":"disabled","footer-sml-layout":"","ast-disable-related-posts":"","theme-transparent-header-meta":"","adv-header-id-meta":"","stick-header-meta":"","header-above-stick-meta":"","header-main-stick-meta":"","header-below-stick-meta":"","astra-migrate-meta-layouts":"default","ast-page-background-enabled":"default","ast-page-background-meta":{"desktop":{"background-color":"var(--ast-global-color-4)","background-image":"","background-repeat":"repeat","background-position":"center center","background-size":"auto","background-attachment":"scroll","background-type":"","background-media":"","overlay-type":"","overlay-color":"","overlay-opacity":"","overlay-gradient":""},"tablet":{"background-color":"","background-image":"","background-repeat":"repeat","background-position":"center center","background-size":"auto","background-attachment":"scroll","background-type":"","background-media":"","overlay-type":"","overlay-color":"","overlay-opacity":"","overlay-gradient":""},"mobile":{"background-color":"","background-image":"","background-repeat":"repeat","background-position":"center center","background-size":"auto","background-attachment":"scroll","background-type":"","background-media":"","overlay-type":"","overlay-color":"","overlay-opacity":"","overlay-gradient":""}},"ast-content-background-meta":{"desktop":{"background-color":"var(--ast-global-color-5)","background-image":"","background-repeat":"repeat","background-position":"center center","background-size":"auto","background-attachment":"scroll","background-type":"","background-media":"","overlay-type":"","overlay-color":"","overlay-opacity":"","overlay-gradient":""},"tablet":{"background-color":"var(--ast-global-color-5)","background-image":"","background-repeat":"repeat","background-position":"center center","background-size":"auto","background-attachment":"scroll","background-type":"","background-media":"","overlay-type":"","overlay-color":"","overlay-opacity":"","overlay-gradient":""},"mobile":{"background-color":"var(--ast-global-color-5)","background-image":"","background-repeat":"repeat","background-position":"center center","background-size":"auto","background-attachment":"scroll","background-type":"","background-media":"","overlay-type":"","overlay-color":"","overlay-opacity":"","overlay-gradient":""}},"footnotes":""},"class_list":["post-1044","page","type-page","status-publish","hentry"],"_links":{"self":[{"href":"https:\/\/partnership.worldea.org\/fr\/wp-json\/wp\/v2\/pages\/1044","targetHints":{"allow":["GET"]}}],"collection":[{"href":"https:\/\/partnership.worldea.org\/fr\/wp-json\/wp\/v2\/pages"}],"about":[{"href":"https:\/\/partnership.worldea.org\/fr\/wp-json\/wp\/v2\/types\/page"}],"author":[{"embeddable":true,"href":"https:\/\/partnership.worldea.org\/fr\/wp-json\/wp\/v2\/users\/3"}],"replies":[{"embeddable":true,"href":"https:\/\/partnership.worldea.org\/fr\/wp-json\/wp\/v2\/comments?post=1044"}],"version-history":[{"count":10,"href":"https:\/\/partnership.worldea.org\/fr\/wp-json\/wp\/v2\/pages\/1044\/revisions"}],"predecessor-version":[{"id":1075,"href":"https:\/\/partnership.worldea.org\/fr\/wp-json\/wp\/v2\/pages\/1044\/revisions\/1075"}],"up":[{"embeddable":true,"href":"https:\/\/partnership.worldea.org\/fr\/wp-json\/wp\/v2\/pages\/15"}],"wp:attachment":[{"href":"https:\/\/partnership.worldea.org\/fr\/wp-json\/wp\/v2\/media?parent=1044"}],"curies":[{"name":"wp","href":"https:\/\/api.w.org\/{rel}","templated":true}]}}