{"id":862,"date":"2025-03-14T19:00:08","date_gmt":"2025-03-14T17:00:08","guid":{"rendered":"https:\/\/partnership.worldea.org\/?page_id=862"},"modified":"2025-03-17T15:17:15","modified_gmt":"2025-03-17T13:17:15","slug":"institut-fur-diaspora-und-interkulturelle-studien-idis","status":"publish","type":"page","link":"https:\/\/partnership.worldea.org\/es\/was-wir-tun\/institut-fur-diaspora-und-interkulturelle-studien-idis\/","title":{"rendered":"Instituto de Estudios de la Di\u00e1spora e Interculturalidad (IDIS)"},"content":{"rendered":"<div data-elementor-type=\"wp-page\" data-elementor-id=\"862\" class=\"elementor elementor-862\" data-elementor-post-type=\"page\">\n\t\t\t\t\t\t<section class=\"elementor-section elementor-top-section elementor-element elementor-element-c3f46f4 elementor-section-content-bottom elementor-section-boxed elementor-section-height-default elementor-section-height-default\" data-id=\"c3f46f4\" data-element_type=\"section\" data-e-type=\"section\" data-settings=\"{&quot;background_background&quot;:&quot;classic&quot;}\">\n\t\t\t\t\t\t\t<div class=\"elementor-background-overlay\"><\/div>\n\t\t\t\t\t\t\t<div class=\"elementor-container elementor-column-gap-extended\">\n\t\t\t\t\t<div class=\"elementor-column elementor-col-100 elementor-top-column elementor-element elementor-element-4f9fda49\" data-id=\"4f9fda49\" data-element_type=\"column\" data-e-type=\"column\">\n\t\t\t<div class=\"elementor-widget-wrap elementor-element-populated\">\n\t\t\t\t\t\t\t<\/div>\n\t\t<\/div>\n\t\t\t\t\t<\/div>\n\t\t<\/section>\n\t\t<div class=\"elementor-element elementor-element-6275833 e-flex e-con-boxed e-con e-parent\" data-id=\"6275833\" data-element_type=\"container\" data-e-type=\"container\">\n\t\t\t\t\t<div class=\"e-con-inner\">\n\t\t\t\t<div class=\"elementor-element elementor-element-e7382c7 elementor-widget elementor-widget-text-editor\" data-id=\"e7382c7\" data-element_type=\"widget\" data-e-type=\"widget\" data-widget_type=\"text-editor.default\">\n\t\t\t\t<div class=\"elementor-widget-container\">\n\t\t\t\t\t\t\t\t\t<p>La migraci\u00f3n es un fen\u00f3meno global. Las personas migran por diversas razones. Algunas por motivos personales, otras por desplazamientos forzados causados por desastres naturales o guerras. En general, el n\u00famero estimado de migrantes internacionales ascendi\u00f3 a 304 millones en 2024 durante las \u00faltimas cinco d\u00e9cadas.<\/p>\n<p>El Instituto de Estudios de la Di\u00e1spora e Interculturalidad (IDIS) aborda temas relacionados con las comunidades di\u00e1sporicas, las interacciones interculturales y la movilidad global. El IDIS se esfuerza por comprender las din\u00e1micas culturales, las redes sociales y las identidades de los migrantes, as\u00ed como el impacto del intercambio intercultural. Su objetivo es proporcionar datos de investigaci\u00f3n sobre problemas reales relacionados con los migrantes y las personas que viven fuera de su pa\u00eds de origen, y desarrollar recursos que apoyen tanto a las comunidades di\u00e1sporicas como al pa\u00eds de acogida en el fomento de una sociedad reconciliada y pac\u00edfica.<\/p>\n<h3><strong>IDIS se ocupa de las siguientes \u00e1reas de investigaci\u00f3n<\/strong><\/h3>\n<ul>\n<li><strong>Estudios sobre la di\u00e1spora<\/strong>:Estudio de las vidas, culturas, historia e impactos de las comunidades di\u00e1sporicas, incluyendo c\u00f3mo mantienen v\u00ednculos con sus culturas de origen mientras se integran en nuevas sociedades.\u00a0<\/li>\n<li><strong> Estudios migratorios<\/strong>:Investigaci\u00f3n de los patrones migratorios, causas y efectos tanto en los pa\u00edses de origen como en los pa\u00edses receptores, as\u00ed como las experiencias de los propios migrantes.<\/li>\n<li><strong>Comunicaci\u00f3n intercultural<\/strong>:Investigaci\u00f3n sobre la interacci\u00f3n, comunicaci\u00f3n e influencia de diferentes culturas en diversos contextos globales, incluyendo cuestiones de lenguaje, identidad e integraci\u00f3n.<\/li>\n<li><strong>Globalizaci\u00f3n y transnacionalismo<\/strong>Comprender el impacto de la globalizaci\u00f3n en el intercambio cultural, la migraci\u00f3n de personas e ideas y el surgimiento de comunidades transnacionales.<\/li>\n<li><strong>Identidad y pertenencia<\/strong>:Estudio de las formas en que los individuos y los grupos crean, negocian y afirman sus identidades en contextos diasp\u00f3ricos, incluidas cuestiones de etnicidad, religi\u00f3n e identidad nacional.<\/li>\n<\/ul>\n<h3><strong>Nuestros servicios<\/strong><\/h3>\n<ul>\n<li><strong>Investigaci\u00f3n<\/strong>Ofrecemos estudios emp\u00edricos y publicaciones sobre los temas de di\u00e1spora, migraci\u00f3n, comunicaci\u00f3n intercultural, globalizaci\u00f3n y transnacionalismo, identidad y pertenencia (incluyendo entrevistas, editoriales e informes etnogr\u00e1ficos).<\/li>\n<li><strong>Educaci\u00f3n<\/strong>Ofrecemos capacitaci\u00f3n, mentor\u00eda y conferencias para l\u00edderes de comunidades migrantes, refugiadas y di\u00e1sporas.<\/li>\n<li><strong>Consejo<\/strong>Ofrecemos asesoramiento sobre diversidad cultural, comunidades multiculturales, competencia intercultural, cuestiones de segunda generaci\u00f3n, identidad bicultural, etc.\u00a0<\/li>\n<li><strong>Redes<\/strong>Ofrecemos una red de diferentes grupos di\u00e1sporicos y migrantes a trav\u00e9s de proyectos, programas, reuniones y conferencias.<\/li>\n<li><strong>Cabildeo<\/strong>Abogamos por los refugiados en la ONU en Ginebra.<\/li>\n<li><strong>Hoja informativa<\/strong>Ofrecemos un bolet\u00edn trimestral para informarle sobre nuestros proyectos.<\/li>\n<\/ul>\t\t\t\t\t\t\t\t<\/div>\n\t\t\t\t<\/div>\n\t\t\t\t\t<\/div>\n\t\t\t\t<\/div>\n\t\t\t\t<\/div>","protected":false},"excerpt":{"rendered":"<p>Migration ist ein weltweites Ph\u00e4nomen. Die Menschen migrieren aus unterschiedlichen Gr\u00fcnden. Einige aus pers\u00f6nlichen Gr\u00fcnden und andere aufgrund von Zwangsumsiedlungen [&hellip;]<\/p>\n","protected":false},"author":3,"featured_media":0,"parent":15,"menu_order":0,"comment_status":"closed","ping_status":"closed","template":"","meta":{"_seopress_robots_primary_cat":"","_seopress_titles_title":"","_seopress_titles_desc":"","_seopress_robots_index":"","site-sidebar-layout":"no-sidebar","site-content-layout":"","ast-site-content-layout":"full-width-container","site-content-style":"default","site-sidebar-style":"default","ast-global-header-display":"","ast-banner-title-visibility":"","ast-main-header-display":"","ast-hfb-above-header-display":"","ast-hfb-below-header-display":"","ast-hfb-mobile-header-display":"","site-post-title":"disabled","ast-breadcrumbs-content":"","ast-featured-img":"disabled","footer-sml-layout":"","ast-disable-related-posts":"","theme-transparent-header-meta":"","adv-header-id-meta":"","stick-header-meta":"","header-above-stick-meta":"","header-main-stick-meta":"","header-below-stick-meta":"","astra-migrate-meta-layouts":"default","ast-page-background-enabled":"default","ast-page-background-meta":{"desktop":{"background-color":"var(--ast-global-color-4)","background-image":"","background-repeat":"repeat","background-position":"center center","background-size":"auto","background-attachment":"scroll","background-type":"","background-media":"","overlay-type":"","overlay-color":"","overlay-opacity":"","overlay-gradient":""},"tablet":{"background-color":"","background-image":"","background-repeat":"repeat","background-position":"center center","background-size":"auto","background-attachment":"scroll","background-type":"","background-media":"","overlay-type":"","overlay-color":"","overlay-opacity":"","overlay-gradient":""},"mobile":{"background-color":"","background-image":"","background-repeat":"repeat","background-position":"center center","background-size":"auto","background-attachment":"scroll","background-type":"","background-media":"","overlay-type":"","overlay-color":"","overlay-opacity":"","overlay-gradient":""}},"ast-content-background-meta":{"desktop":{"background-color":"var(--ast-global-color-5)","background-image":"","background-repeat":"repeat","background-position":"center center","background-size":"auto","background-attachment":"scroll","background-type":"","background-media":"","overlay-type":"","overlay-color":"","overlay-opacity":"","overlay-gradient":""},"tablet":{"background-color":"var(--ast-global-color-5)","background-image":"","background-repeat":"repeat","background-position":"center center","background-size":"auto","background-attachment":"scroll","background-type":"","background-media":"","overlay-type":"","overlay-color":"","overlay-opacity":"","overlay-gradient":""},"mobile":{"background-color":"var(--ast-global-color-5)","background-image":"","background-repeat":"repeat","background-position":"center center","background-size":"auto","background-attachment":"scroll","background-type":"","background-media":"","overlay-type":"","overlay-color":"","overlay-opacity":"","overlay-gradient":""}},"footnotes":""},"class_list":["post-862","page","type-page","status-publish","hentry"],"_links":{"self":[{"href":"https:\/\/partnership.worldea.org\/es\/wp-json\/wp\/v2\/pages\/862","targetHints":{"allow":["GET"]}}],"collection":[{"href":"https:\/\/partnership.worldea.org\/es\/wp-json\/wp\/v2\/pages"}],"about":[{"href":"https:\/\/partnership.worldea.org\/es\/wp-json\/wp\/v2\/types\/page"}],"author":[{"embeddable":true,"href":"https:\/\/partnership.worldea.org\/es\/wp-json\/wp\/v2\/users\/3"}],"replies":[{"embeddable":true,"href":"https:\/\/partnership.worldea.org\/es\/wp-json\/wp\/v2\/comments?post=862"}],"version-history":[{"count":4,"href":"https:\/\/partnership.worldea.org\/es\/wp-json\/wp\/v2\/pages\/862\/revisions"}],"predecessor-version":[{"id":868,"href":"https:\/\/partnership.worldea.org\/es\/wp-json\/wp\/v2\/pages\/862\/revisions\/868"}],"up":[{"embeddable":true,"href":"https:\/\/partnership.worldea.org\/es\/wp-json\/wp\/v2\/pages\/15"}],"wp:attachment":[{"href":"https:\/\/partnership.worldea.org\/es\/wp-json\/wp\/v2\/media?parent=862"}],"curies":[{"name":"wp","href":"https:\/\/api.w.org\/{rel}","templated":true}]}}