{"id":854,"date":"2025-03-14T18:36:15","date_gmt":"2025-03-14T16:36:15","guid":{"rendered":"https:\/\/partnership.worldea.org\/?page_id=854"},"modified":"2025-06-06T12:33:24","modified_gmt":"2025-06-06T10:33:24","slug":"ueber-unsere-arbeit","status":"publish","type":"page","link":"https:\/\/partnership.worldea.org\/es\/wer-wir-sind\/ueber-unsere-arbeit\/","title":{"rendered":"Acerca de nuestro trabajo"},"content":{"rendered":"<div data-elementor-type=\"wp-page\" data-elementor-id=\"854\" class=\"elementor elementor-854\" data-elementor-post-type=\"page\">\n\t\t\t\t\t\t<section class=\"elementor-section elementor-top-section elementor-element elementor-element-c3f46f4 elementor-section-content-bottom elementor-section-boxed elementor-section-height-default elementor-section-height-default\" data-id=\"c3f46f4\" data-element_type=\"section\" data-e-type=\"section\" data-settings=\"{&quot;background_background&quot;:&quot;classic&quot;}\">\n\t\t\t\t\t\t\t<div class=\"elementor-background-overlay\"><\/div>\n\t\t\t\t\t\t\t<div class=\"elementor-container elementor-column-gap-extended\">\n\t\t\t\t\t<div class=\"elementor-column elementor-col-100 elementor-top-column elementor-element elementor-element-4f9fda49\" data-id=\"4f9fda49\" data-element_type=\"column\" data-e-type=\"column\">\n\t\t\t<div class=\"elementor-widget-wrap elementor-element-populated\">\n\t\t\t\t\t\t\t<\/div>\n\t\t<\/div>\n\t\t\t\t\t<\/div>\n\t\t<\/section>\n\t\t<div class=\"elementor-element elementor-element-6275833 e-flex e-con-boxed e-con e-parent\" data-id=\"6275833\" data-element_type=\"container\" data-e-type=\"container\">\n\t\t\t\t\t<div class=\"e-con-inner\">\n\t\t\t\t<div class=\"elementor-element elementor-element-e7382c7 elementor-widget elementor-widget-text-editor\" data-id=\"e7382c7\" data-element_type=\"widget\" data-e-type=\"widget\" data-widget_type=\"text-editor.default\">\n\t\t\t\t<div class=\"elementor-widget-container\">\n\t\t\t\t\t\t\t\t\tWEA Partnership eV est\u00e1 comprometida con un mundo donde todas las personas puedan vivir con dignidad, paz y justicia. Se esfuerza por poner en pr\u00e1ctica la caridad cristiana, brindando esperanza y apoyo a los necesitados y desfavorecidos.\n<ul>\n \t<li><strong>Ayuda de emergencia<\/strong>Apoyo inmediato en situaciones de crisis, como desastres naturales, conflictos o emergencias humanitarias, para garantizar la supervivencia y las necesidades b\u00e1sicas de los afectados.<\/li>\n \t<li><strong>Trabajo de desarrollo<\/strong>:Promover proyectos de desarrollo sostenible que busquen mejorar las condiciones de vida de las personas, promover la educaci\u00f3n, crear oportunidades econ\u00f3micas y fortalecer la salud.<\/li>\n \t<li><strong>Justicia social<\/strong>:Compromiso con los derechos y la dignidad de los grupos desfavorecidos y marginados para combatir las desigualdades sociales y promover la justicia.<\/li>\n \t<li><strong>Libertad de religi\u00f3n<\/strong>:Promoci\u00f3n del paradigma de la sostenibilidad e informaci\u00f3n para la Iglesia y los actores religiosos nacionales e internacionales, as\u00ed como eventos sobre temas de desarrollo sostenible y c\u00f3mo \u00e9ste se ancla teol\u00f3gicamente en la religi\u00f3n.<\/li>\n \t<li><strong>Investigaci\u00f3n<\/strong>Realizar y apoyar proyectos de investigaci\u00f3n para comprender mejor las necesidades de las comunidades, desarrollar estrategias de ayuda efectivas y evaluar el impacto de los programas.<\/li>\n \t<li><strong>Asociaciones<\/strong>:Colaboraci\u00f3n con comunidades locales, gobiernos, instituciones acad\u00e9micas y otras organizaciones para aunar recursos y maximizar la eficacia de la ayuda.<\/li>\n<\/ul>\nA trav\u00e9s de su misi\u00f3n y visi\u00f3n, WEA Partnership eV busca no s\u00f3lo satisfacer las necesidades inmediatas sino tambi\u00e9n generar cambios positivos a largo plazo en las sociedades y comunidades en las que opera.\t\t\t\t\t\t\t\t<\/div>\n\t\t\t\t<\/div>\n\t\t\t\t\t<\/div>\n\t\t\t\t<\/div>\n\t\t\t\t<\/div>","protected":false},"excerpt":{"rendered":"<p>Die WEA Partnership e.V. setzt sich f\u00fcr eine Welt ein, in der alle Menschen in W\u00fcrde, Frieden und Gerechtigkeit leben [&hellip;]<\/p>\n","protected":false},"author":3,"featured_media":0,"parent":11,"menu_order":0,"comment_status":"closed","ping_status":"closed","template":"","meta":{"_seopress_robots_primary_cat":"","_seopress_titles_title":"","_seopress_titles_desc":"","_seopress_robots_index":"","site-sidebar-layout":"no-sidebar","site-content-layout":"","ast-site-content-layout":"full-width-container","site-content-style":"default","site-sidebar-style":"default","ast-global-header-display":"","ast-banner-title-visibility":"","ast-main-header-display":"","ast-hfb-above-header-display":"","ast-hfb-below-header-display":"","ast-hfb-mobile-header-display":"","site-post-title":"disabled","ast-breadcrumbs-content":"","ast-featured-img":"disabled","footer-sml-layout":"","ast-disable-related-posts":"","theme-transparent-header-meta":"","adv-header-id-meta":"","stick-header-meta":"","header-above-stick-meta":"","header-main-stick-meta":"","header-below-stick-meta":"","astra-migrate-meta-layouts":"default","ast-page-background-enabled":"default","ast-page-background-meta":{"desktop":{"background-color":"var(--ast-global-color-4)","background-image":"","background-repeat":"repeat","background-position":"center center","background-size":"auto","background-attachment":"scroll","background-type":"","background-media":"","overlay-type":"","overlay-color":"","overlay-opacity":"","overlay-gradient":""},"tablet":{"background-color":"","background-image":"","background-repeat":"repeat","background-position":"center center","background-size":"auto","background-attachment":"scroll","background-type":"","background-media":"","overlay-type":"","overlay-color":"","overlay-opacity":"","overlay-gradient":""},"mobile":{"background-color":"","background-image":"","background-repeat":"repeat","background-position":"center center","background-size":"auto","background-attachment":"scroll","background-type":"","background-media":"","overlay-type":"","overlay-color":"","overlay-opacity":"","overlay-gradient":""}},"ast-content-background-meta":{"desktop":{"background-color":"var(--ast-global-color-5)","background-image":"","background-repeat":"repeat","background-position":"center center","background-size":"auto","background-attachment":"scroll","background-type":"","background-media":"","overlay-type":"","overlay-color":"","overlay-opacity":"","overlay-gradient":""},"tablet":{"background-color":"var(--ast-global-color-5)","background-image":"","background-repeat":"repeat","background-position":"center center","background-size":"auto","background-attachment":"scroll","background-type":"","background-media":"","overlay-type":"","overlay-color":"","overlay-opacity":"","overlay-gradient":""},"mobile":{"background-color":"var(--ast-global-color-5)","background-image":"","background-repeat":"repeat","background-position":"center center","background-size":"auto","background-attachment":"scroll","background-type":"","background-media":"","overlay-type":"","overlay-color":"","overlay-opacity":"","overlay-gradient":""}},"footnotes":""},"class_list":["post-854","page","type-page","status-publish","hentry"],"_links":{"self":[{"href":"https:\/\/partnership.worldea.org\/es\/wp-json\/wp\/v2\/pages\/854","targetHints":{"allow":["GET"]}}],"collection":[{"href":"https:\/\/partnership.worldea.org\/es\/wp-json\/wp\/v2\/pages"}],"about":[{"href":"https:\/\/partnership.worldea.org\/es\/wp-json\/wp\/v2\/types\/page"}],"author":[{"embeddable":true,"href":"https:\/\/partnership.worldea.org\/es\/wp-json\/wp\/v2\/users\/3"}],"replies":[{"embeddable":true,"href":"https:\/\/partnership.worldea.org\/es\/wp-json\/wp\/v2\/comments?post=854"}],"version-history":[{"count":11,"href":"https:\/\/partnership.worldea.org\/es\/wp-json\/wp\/v2\/pages\/854\/revisions"}],"predecessor-version":[{"id":1026,"href":"https:\/\/partnership.worldea.org\/es\/wp-json\/wp\/v2\/pages\/854\/revisions\/1026"}],"up":[{"embeddable":true,"href":"https:\/\/partnership.worldea.org\/es\/wp-json\/wp\/v2\/pages\/11"}],"wp:attachment":[{"href":"https:\/\/partnership.worldea.org\/es\/wp-json\/wp\/v2\/media?parent=854"}],"curies":[{"name":"wp","href":"https:\/\/api.w.org\/{rel}","templated":true}]}}