{"id":741,"date":"2025-01-09T10:21:26","date_gmt":"2025-01-09T08:21:26","guid":{"rendered":"https:\/\/wea-partnership.perfectlydigital.dev\/?page_id=741"},"modified":"2025-06-06T12:34:09","modified_gmt":"2025-06-06T10:34:09","slug":"geschichte-der-wea","status":"publish","type":"page","link":"https:\/\/partnership.worldea.org\/es\/wer-wir-sind\/geschichte-der-wea\/","title":{"rendered":"Historia de los aerogeneradores"},"content":{"rendered":"<div data-elementor-type=\"wp-page\" data-elementor-id=\"741\" class=\"elementor elementor-741\" data-elementor-post-type=\"page\">\n\t\t\t\t\t\t<section class=\"elementor-section elementor-top-section elementor-element elementor-element-c3f46f4 elementor-section-content-bottom elementor-section-boxed elementor-section-height-default elementor-section-height-default\" data-id=\"c3f46f4\" data-element_type=\"section\" data-e-type=\"section\" data-settings=\"{&quot;background_background&quot;:&quot;classic&quot;}\">\n\t\t\t\t\t\t\t<div class=\"elementor-background-overlay\"><\/div>\n\t\t\t\t\t\t\t<div class=\"elementor-container elementor-column-gap-extended\">\n\t\t\t\t\t<div class=\"elementor-column elementor-col-100 elementor-top-column elementor-element elementor-element-4f9fda49\" data-id=\"4f9fda49\" data-element_type=\"column\" data-e-type=\"column\">\n\t\t\t<div class=\"elementor-widget-wrap elementor-element-populated\">\n\t\t\t\t\t\t\t<\/div>\n\t\t<\/div>\n\t\t\t\t\t<\/div>\n\t\t<\/section>\n\t\t<div class=\"elementor-element elementor-element-6275833 e-flex e-con-boxed e-con e-parent\" data-id=\"6275833\" data-element_type=\"container\" data-e-type=\"container\">\n\t\t\t\t\t<div class=\"e-con-inner\">\n\t\t\t\t<div class=\"elementor-element elementor-element-e7382c7 elementor-widget elementor-widget-text-editor\" data-id=\"e7382c7\" data-element_type=\"widget\" data-e-type=\"widget\" data-widget_type=\"text-editor.default\">\n\t\t\t\t<div class=\"elementor-widget-container\">\n\t\t\t\t\t\t\t\t\t<p>WEA Partnership eV fue fundada en Bonn en 2022 y pertenece a la familia de la Alianza Evang\u00e9lica Mundial (WEA).<\/p><p>La Alianza Evang\u00e9lica Mundial (WEA) se fund\u00f3 en Londres en 1846 y es una red de iglesias y organizaciones evang\u00e9licas dedicadas a la unidad y la cooperaci\u00f3n entre los cristianos evang\u00e9licos de todo el mundo. Su fundaci\u00f3n tuvo lugar en una \u00e9poca en la que muchas comunidades evang\u00e9licas de Europa y Norteam\u00e9rica buscaban maneras de unirse y trabajar juntas por el evangelio.<\/p><p>La primera reuni\u00f3n tuvo lugar en Londres, donde representantes de diversos pa\u00edses y denominaciones se reunieron para debatir preocupaciones comunes como la misi\u00f3n, la justicia social y la defensa de la fe. A lo largo de los a\u00f1os, la WEA ha desempe\u00f1ado un papel fundamental en el fomento del di\u00e1logo entre diferentes tradiciones evang\u00e9licas y la defensa de los derechos de los cristianos en diversas partes del mundo.<\/p><p>Con el tiempo, la Alianza se ha convertido en la organizaci\u00f3n interdenominacional de cristianos evang\u00e9licos m\u00e1s grande del mundo, con m\u00e1s de 600 millones de miembros de miles de iglesias y organizaciones en m\u00e1s de 143 pa\u00edses. Trabaja activamente en diversas \u00e1reas, como la educaci\u00f3n, la ayuda humanitaria y la promoci\u00f3n de la paz y la justicia.<\/p><p>La WEA tambi\u00e9n es conocida por sus conferencias y asambleas internacionales, que abordan temas de importancia global, y trabaja en estrecha colaboraci\u00f3n con otras organizaciones cristianas para lograr objetivos comunes.<\/p><p>\u00a0Puede encontrar m\u00e1s informaci\u00f3n en nuestro sitio web en ingl\u00e9s: <a href=\"https:\/\/worldea.org\/\">https:\/\/worldea.org\/<\/a><\/p>\t\t\t\t\t\t\t\t<\/div>\n\t\t\t\t<\/div>\n\t\t\t\t\t<\/div>\n\t\t\t\t<\/div>\n\t\t\t\t<\/div>","protected":false},"excerpt":{"rendered":"<p>Die WEA Partnership e.V. wurde 2022 in Bonn gegr\u00fcndet und geh\u00f6rt zur Familie der Weltweiten Evangelischen Allianz (WEA). Die WEA [&hellip;]<\/p>\n","protected":false},"author":3,"featured_media":0,"parent":11,"menu_order":0,"comment_status":"closed","ping_status":"closed","template":"","meta":{"_seopress_robots_primary_cat":"","_seopress_titles_title":"","_seopress_titles_desc":"","_seopress_robots_index":"","site-sidebar-layout":"no-sidebar","site-content-layout":"","ast-site-content-layout":"full-width-container","site-content-style":"default","site-sidebar-style":"default","ast-global-header-display":"","ast-banner-title-visibility":"","ast-main-header-display":"","ast-hfb-above-header-display":"","ast-hfb-below-header-display":"","ast-hfb-mobile-header-display":"","site-post-title":"disabled","ast-breadcrumbs-content":"","ast-featured-img":"disabled","footer-sml-layout":"","ast-disable-related-posts":"","theme-transparent-header-meta":"","adv-header-id-meta":"","stick-header-meta":"","header-above-stick-meta":"","header-main-stick-meta":"","header-below-stick-meta":"","astra-migrate-meta-layouts":"default","ast-page-background-enabled":"default","ast-page-background-meta":{"desktop":{"background-color":"var(--ast-global-color-4)","background-image":"","background-repeat":"repeat","background-position":"center center","background-size":"auto","background-attachment":"scroll","background-type":"","background-media":"","overlay-type":"","overlay-color":"","overlay-opacity":"","overlay-gradient":""},"tablet":{"background-color":"","background-image":"","background-repeat":"repeat","background-position":"center center","background-size":"auto","background-attachment":"scroll","background-type":"","background-media":"","overlay-type":"","overlay-color":"","overlay-opacity":"","overlay-gradient":""},"mobile":{"background-color":"","background-image":"","background-repeat":"repeat","background-position":"center center","background-size":"auto","background-attachment":"scroll","background-type":"","background-media":"","overlay-type":"","overlay-color":"","overlay-opacity":"","overlay-gradient":""}},"ast-content-background-meta":{"desktop":{"background-color":"var(--ast-global-color-5)","background-image":"","background-repeat":"repeat","background-position":"center center","background-size":"auto","background-attachment":"scroll","background-type":"","background-media":"","overlay-type":"","overlay-color":"","overlay-opacity":"","overlay-gradient":""},"tablet":{"background-color":"var(--ast-global-color-5)","background-image":"","background-repeat":"repeat","background-position":"center center","background-size":"auto","background-attachment":"scroll","background-type":"","background-media":"","overlay-type":"","overlay-color":"","overlay-opacity":"","overlay-gradient":""},"mobile":{"background-color":"var(--ast-global-color-5)","background-image":"","background-repeat":"repeat","background-position":"center center","background-size":"auto","background-attachment":"scroll","background-type":"","background-media":"","overlay-type":"","overlay-color":"","overlay-opacity":"","overlay-gradient":""}},"footnotes":""},"class_list":["post-741","page","type-page","status-publish","hentry"],"_links":{"self":[{"href":"https:\/\/partnership.worldea.org\/es\/wp-json\/wp\/v2\/pages\/741","targetHints":{"allow":["GET"]}}],"collection":[{"href":"https:\/\/partnership.worldea.org\/es\/wp-json\/wp\/v2\/pages"}],"about":[{"href":"https:\/\/partnership.worldea.org\/es\/wp-json\/wp\/v2\/types\/page"}],"author":[{"embeddable":true,"href":"https:\/\/partnership.worldea.org\/es\/wp-json\/wp\/v2\/users\/3"}],"replies":[{"embeddable":true,"href":"https:\/\/partnership.worldea.org\/es\/wp-json\/wp\/v2\/comments?post=741"}],"version-history":[{"count":8,"href":"https:\/\/partnership.worldea.org\/es\/wp-json\/wp\/v2\/pages\/741\/revisions"}],"predecessor-version":[{"id":1028,"href":"https:\/\/partnership.worldea.org\/es\/wp-json\/wp\/v2\/pages\/741\/revisions\/1028"}],"up":[{"embeddable":true,"href":"https:\/\/partnership.worldea.org\/es\/wp-json\/wp\/v2\/pages\/11"}],"wp:attachment":[{"href":"https:\/\/partnership.worldea.org\/es\/wp-json\/wp\/v2\/media?parent=741"}],"curies":[{"name":"wp","href":"https:\/\/api.w.org\/{rel}","templated":true}]}}