{"id":516,"date":"2024-07-10T20:33:32","date_gmt":"2024-07-10T18:33:32","guid":{"rendered":"https:\/\/wea-partnership.perfectlydigital.dev\/?page_id=516"},"modified":"2024-07-22T22:42:19","modified_gmt":"2024-07-22T20:42:19","slug":"anita-delhaas","status":"publish","type":"page","link":"https:\/\/partnership.worldea.org\/es\/unser-team\/anita-delhaas\/","title":{"rendered":"Anita Delhaas"},"content":{"rendered":"<div data-elementor-type=\"wp-page\" data-elementor-id=\"516\" class=\"elementor elementor-516\" data-elementor-post-type=\"page\">\n\t\t\t\t<div class=\"elementor-element elementor-element-eddce11 e-con-full e-flex e-con e-parent\" data-id=\"eddce11\" data-element_type=\"container\" data-e-type=\"container\">\n\t\t\t\t<div class=\"elementor-element elementor-element-81ef3b8 elementor-widget elementor-widget-shortcode\" data-id=\"81ef3b8\" data-element_type=\"widget\" data-e-type=\"widget\" data-widget_type=\"shortcode.default\">\n\t\t\t\t<div class=\"elementor-widget-container\">\n\t\t\t\t\t\t\t<div class=\"elementor-shortcode\">\t\t<div data-elementor-type=\"section\" data-elementor-id=\"334\" class=\"elementor elementor-334\" data-elementor-post-type=\"elementor_library\">\n\t\t\t\t\t<section class=\"elementor-section elementor-top-section elementor-element elementor-element-f5b98ad elementor-section-content-bottom elementor-section-boxed elementor-section-height-default elementor-section-height-default\" data-id=\"f5b98ad\" data-element_type=\"section\" data-e-type=\"section\" data-settings=\"{&quot;background_background&quot;:&quot;classic&quot;}\">\n\t\t\t\t\t\t\t<div class=\"elementor-background-overlay\"><\/div>\n\t\t\t\t\t\t\t<div class=\"elementor-container elementor-column-gap-extended\">\n\t\t\t\t\t<div class=\"elementor-column elementor-col-100 elementor-top-column elementor-element elementor-element-4478735\" data-id=\"4478735\" data-element_type=\"column\" data-e-type=\"column\">\n\t\t\t<div class=\"elementor-widget-wrap elementor-element-populated\">\n\t\t\t\t\t\t<div class=\"elementor-element elementor-element-eae62eb elementor-widget elementor-widget-heading\" data-id=\"eae62eb\" data-element_type=\"widget\" data-e-type=\"widget\" data-widget_type=\"heading.default\">\n\t\t\t\t<div class=\"elementor-widget-container\">\n\t\t\t\t\t<h2 class=\"elementor-heading-title elementor-size-default\">Nuestro equipo<\/h2>\t\t\t\t<\/div>\n\t\t\t\t<\/div>\n\t\t\t\t\t<\/div>\n\t\t<\/div>\n\t\t\t\t\t<\/div>\n\t\t<\/section>\n\t\t\t\t<\/div>\n\t\t<\/div>\n\t\t\t\t\t\t<\/div>\n\t\t\t\t<\/div>\n\t\t\t\t<\/div>\n\t\t\t\t<section class=\"elementor-section elementor-top-section elementor-element elementor-element-51e2858 elementor-section-stretched elementor-section-boxed elementor-section-height-default elementor-section-height-default\" data-id=\"51e2858\" data-element_type=\"section\" data-e-type=\"section\" data-settings=\"{&quot;stretch_section&quot;:&quot;section-stretched&quot;,&quot;background_background&quot;:&quot;classic&quot;}\">\n\t\t\t\t\t\t<div class=\"elementor-container elementor-column-gap-default\">\n\t\t\t\t\t<div class=\"elementor-column elementor-col-100 elementor-top-column elementor-element elementor-element-0c102a9\" data-id=\"0c102a9\" data-element_type=\"column\" data-e-type=\"column\">\n\t\t\t<div class=\"elementor-widget-wrap elementor-element-populated\">\n\t\t\t\t\t\t<div class=\"elementor-element elementor-element-b195c5d elementor-widget__width-auto elementor-widget elementor-widget-heading\" data-id=\"b195c5d\" data-element_type=\"widget\" data-e-type=\"widget\" data-widget_type=\"heading.default\">\n\t\t\t\t<div class=\"elementor-widget-container\">\n\t\t\t\t\t<h2 class=\"elementor-heading-title elementor-size-default\">Anita Delhaas<\/h2>\t\t\t\t<\/div>\n\t\t\t\t<\/div>\n\t\t\t\t<section class=\"elementor-section elementor-inner-section elementor-element elementor-element-97eb6a7 elementor-section-boxed elementor-section-height-default elementor-section-height-default\" data-id=\"97eb6a7\" data-element_type=\"section\" data-e-type=\"section\" data-settings=\"{&quot;background_background&quot;:&quot;classic&quot;}\">\n\t\t\t\t\t\t<div class=\"elementor-container elementor-column-gap-no\">\n\t\t\t\t\t<div class=\"elementor-column elementor-col-50 elementor-inner-column elementor-element elementor-element-bdc2606\" data-id=\"bdc2606\" data-element_type=\"column\" data-e-type=\"column\">\n\t\t\t<div class=\"elementor-widget-wrap elementor-element-populated\">\n\t\t\t\t\t\t<div class=\"elementor-element elementor-element-8433ed5 elementor-widget__width-auto elementor-widget elementor-widget-image\" data-id=\"8433ed5\" data-element_type=\"widget\" data-e-type=\"widget\" data-widget_type=\"image.default\">\n\t\t\t\t<div class=\"elementor-widget-container\">\n\t\t\t\t\t\t\t\t\t\t\t\t\t\t\t<img alt=\"\" fetchpriority=\"high\" decoding=\"async\" width=\"344\" height=\"378\" src=\"https:\/\/partnership.worldea.org\/wp-content\/uploads\/2024\/06\/prefered-Anita.jpg\" class=\"attachment-medium_large size-medium_large wp-image-81\" srcset=\"https:\/\/partnership.worldea.org\/wp-content\/uploads\/2024\/06\/prefered-Anita.jpg 344w, https:\/\/partnership.worldea.org\/wp-content\/uploads\/2024\/06\/prefered-Anita-273x300.jpg 273w\" sizes=\"(max-width: 344px) 100vw, 344px\" \/>\t\t\t\t\t\t\t\t\t\t\t\t\t\t\t<\/div>\n\t\t\t\t<\/div>\n\t\t\t\t\t<\/div>\n\t\t<\/div>\n\t\t\t\t<div class=\"elementor-column elementor-col-50 elementor-inner-column elementor-element elementor-element-56db44d\" data-id=\"56db44d\" data-element_type=\"column\" data-e-type=\"column\" data-settings=\"{&quot;background_background&quot;:&quot;classic&quot;}\">\n\t\t\t<div class=\"elementor-widget-wrap elementor-element-populated\">\n\t\t\t\t\t\t<div class=\"elementor-element elementor-element-3ba5b7d elementor-widget elementor-widget-text-editor\" data-id=\"3ba5b7d\" data-element_type=\"widget\" data-e-type=\"widget\" data-widget_type=\"text-editor.default\">\n\t\t\t\t<div class=\"elementor-widget-container\">\n\t\t\t\t\t\t\t\t\t<p>Anita Delhaas ha trabajado para World Vision durante m\u00e1s de 25 a\u00f1os, incluyendo los cargos de Directora Nacional en los Pa\u00edses Bajos, Directora de Alianzas Corporativas para World Vision International, Representante de la Junta Directiva de EULO en Bruselas y Directora de Expansi\u00f3n Europea en Espa\u00f1a, Dinamarca y Francia. Antes de unirse a World Vision International, trabaj\u00f3 para la Organizaci\u00f3n Billy Graham en \u00c1msterdam y Londres. M\u00e1s recientemente, Anita se desempe\u00f1\u00f3 como Directora Ejecutiva y Coordinadora Europea de la Misi\u00f3n de Justicia Internacional, trabajando para combatir la trata de personas, y actualmente es Directora Ejecutiva de la Comunidad Internacional del Santo Sepulcro. Adem\u00e1s de su trabajo, forma parte de las juntas directivas de varios ministerios internacionales: Tirzah International, una red global de mujeres; Open Doors Netherlands, un ministerio para cristianos perseguidos en todo el mundo; y la Alianza Evang\u00e9lica Mundial.<\/p>\t\t\t\t\t\t\t\t<\/div>\n\t\t\t\t<\/div>\n\t\t\t\t\t<\/div>\n\t\t<\/div>\n\t\t\t\t\t<\/div>\n\t\t<\/section>\n\t\t\t\t\t<\/div>\n\t\t<\/div>\n\t\t\t\t\t<\/div>\n\t\t<\/section>\n\t\t\t\t<\/div>","protected":false},"excerpt":{"rendered":"<p>Anita Delhaas Anita Delhaas ist seit mehr als 25 Jahren f\u00fcr World Vision t\u00e4tig, unter anderem als Nationale Direktorin in [&hellip;]<\/p>\n","protected":false},"author":1,"featured_media":0,"parent":330,"menu_order":7,"comment_status":"closed","ping_status":"closed","template":"","meta":{"_seopress_robots_primary_cat":"","_seopress_titles_title":"","_seopress_titles_desc":"","_seopress_robots_index":"","site-sidebar-layout":"no-sidebar","site-content-layout":"","ast-site-content-layout":"full-width-container","site-content-style":"default","site-sidebar-style":"default","ast-global-header-display":"","ast-banner-title-visibility":"","ast-main-header-display":"","ast-hfb-above-header-display":"","ast-hfb-below-header-display":"","ast-hfb-mobile-header-display":"","site-post-title":"disabled","ast-breadcrumbs-content":"","ast-featured-img":"disabled","footer-sml-layout":"","ast-disable-related-posts":"","theme-transparent-header-meta":"","adv-header-id-meta":"","stick-header-meta":"","header-above-stick-meta":"","header-main-stick-meta":"","header-below-stick-meta":"","astra-migrate-meta-layouts":"default","ast-page-background-enabled":"default","ast-page-background-meta":{"desktop":{"background-color":"var(--ast-global-color-4)","background-image":"","background-repeat":"repeat","background-position":"center center","background-size":"auto","background-attachment":"scroll","background-type":"","background-media":"","overlay-type":"","overlay-color":"","overlay-opacity":"","overlay-gradient":""},"tablet":{"background-color":"","background-image":"","background-repeat":"repeat","background-position":"center center","background-size":"auto","background-attachment":"scroll","background-type":"","background-media":"","overlay-type":"","overlay-color":"","overlay-opacity":"","overlay-gradient":""},"mobile":{"background-color":"","background-image":"","background-repeat":"repeat","background-position":"center center","background-size":"auto","background-attachment":"scroll","background-type":"","background-media":"","overlay-type":"","overlay-color":"","overlay-opacity":"","overlay-gradient":""}},"ast-content-background-meta":{"desktop":{"background-color":"var(--ast-global-color-5)","background-image":"","background-repeat":"repeat","background-position":"center center","background-size":"auto","background-attachment":"scroll","background-type":"","background-media":"","overlay-type":"","overlay-color":"","overlay-opacity":"","overlay-gradient":""},"tablet":{"background-color":"var(--ast-global-color-5)","background-image":"","background-repeat":"repeat","background-position":"center center","background-size":"auto","background-attachment":"scroll","background-type":"","background-media":"","overlay-type":"","overlay-color":"","overlay-opacity":"","overlay-gradient":""},"mobile":{"background-color":"var(--ast-global-color-5)","background-image":"","background-repeat":"repeat","background-position":"center center","background-size":"auto","background-attachment":"scroll","background-type":"","background-media":"","overlay-type":"","overlay-color":"","overlay-opacity":"","overlay-gradient":""}},"footnotes":""},"class_list":["post-516","page","type-page","status-publish","hentry"],"_links":{"self":[{"href":"https:\/\/partnership.worldea.org\/es\/wp-json\/wp\/v2\/pages\/516","targetHints":{"allow":["GET"]}}],"collection":[{"href":"https:\/\/partnership.worldea.org\/es\/wp-json\/wp\/v2\/pages"}],"about":[{"href":"https:\/\/partnership.worldea.org\/es\/wp-json\/wp\/v2\/types\/page"}],"author":[{"embeddable":true,"href":"https:\/\/partnership.worldea.org\/es\/wp-json\/wp\/v2\/users\/1"}],"replies":[{"embeddable":true,"href":"https:\/\/partnership.worldea.org\/es\/wp-json\/wp\/v2\/comments?post=516"}],"version-history":[{"count":7,"href":"https:\/\/partnership.worldea.org\/es\/wp-json\/wp\/v2\/pages\/516\/revisions"}],"predecessor-version":[{"id":646,"href":"https:\/\/partnership.worldea.org\/es\/wp-json\/wp\/v2\/pages\/516\/revisions\/646"}],"up":[{"embeddable":true,"href":"https:\/\/partnership.worldea.org\/es\/wp-json\/wp\/v2\/pages\/330"}],"wp:attachment":[{"href":"https:\/\/partnership.worldea.org\/es\/wp-json\/wp\/v2\/media?parent=516"}],"curies":[{"name":"wp","href":"https:\/\/api.w.org\/{rel}","templated":true}]}}