{"id":515,"date":"2024-07-10T20:33:08","date_gmt":"2024-07-10T18:33:08","guid":{"rendered":"https:\/\/wea-partnership.perfectlydigital.dev\/?page_id=515"},"modified":"2024-07-10T20:38:45","modified_gmt":"2024-07-10T18:38:45","slug":"frank-hinkelmann","status":"publish","type":"page","link":"https:\/\/partnership.worldea.org\/es\/unser-team\/frank-hinkelmann\/","title":{"rendered":"Frank Hinkelmann"},"content":{"rendered":"<div data-elementor-type=\"wp-page\" data-elementor-id=\"515\" class=\"elementor elementor-515\" data-elementor-post-type=\"page\">\n\t\t\t\t<div class=\"elementor-element elementor-element-159223c e-con-full e-flex e-con e-parent\" data-id=\"159223c\" data-element_type=\"container\" data-e-type=\"container\">\n\t\t\t\t<div class=\"elementor-element elementor-element-965574a elementor-widget elementor-widget-shortcode\" data-id=\"965574a\" data-element_type=\"widget\" data-e-type=\"widget\" data-widget_type=\"shortcode.default\">\n\t\t\t\t<div class=\"elementor-widget-container\">\n\t\t\t\t\t\t\t<div class=\"elementor-shortcode\">\t\t<div data-elementor-type=\"section\" data-elementor-id=\"334\" class=\"elementor elementor-334\" data-elementor-post-type=\"elementor_library\">\n\t\t\t\t\t<section class=\"elementor-section elementor-top-section elementor-element elementor-element-f5b98ad elementor-section-content-bottom elementor-section-boxed elementor-section-height-default elementor-section-height-default\" data-id=\"f5b98ad\" data-element_type=\"section\" data-e-type=\"section\" data-settings=\"{&quot;background_background&quot;:&quot;classic&quot;}\">\n\t\t\t\t\t\t\t<div class=\"elementor-background-overlay\"><\/div>\n\t\t\t\t\t\t\t<div class=\"elementor-container elementor-column-gap-extended\">\n\t\t\t\t\t<div class=\"elementor-column elementor-col-100 elementor-top-column elementor-element elementor-element-4478735\" data-id=\"4478735\" data-element_type=\"column\" data-e-type=\"column\">\n\t\t\t<div class=\"elementor-widget-wrap elementor-element-populated\">\n\t\t\t\t\t\t<div class=\"elementor-element elementor-element-eae62eb elementor-widget elementor-widget-heading\" data-id=\"eae62eb\" data-element_type=\"widget\" data-e-type=\"widget\" data-widget_type=\"heading.default\">\n\t\t\t\t<div class=\"elementor-widget-container\">\n\t\t\t\t\t<h2 class=\"elementor-heading-title elementor-size-default\">Nuestro equipo<\/h2>\t\t\t\t<\/div>\n\t\t\t\t<\/div>\n\t\t\t\t\t<\/div>\n\t\t<\/div>\n\t\t\t\t\t<\/div>\n\t\t<\/section>\n\t\t\t\t<\/div>\n\t\t<\/div>\n\t\t\t\t\t\t<\/div>\n\t\t\t\t<\/div>\n\t\t\t\t<\/div>\n\t\t\t\t<section class=\"elementor-section elementor-top-section elementor-element elementor-element-2ed087d elementor-section-stretched elementor-section-boxed elementor-section-height-default elementor-section-height-default\" data-id=\"2ed087d\" data-element_type=\"section\" data-e-type=\"section\" data-settings=\"{&quot;stretch_section&quot;:&quot;section-stretched&quot;,&quot;background_background&quot;:&quot;classic&quot;}\">\n\t\t\t\t\t\t<div class=\"elementor-container elementor-column-gap-default\">\n\t\t\t\t\t<div class=\"elementor-column elementor-col-100 elementor-top-column elementor-element elementor-element-4202827\" data-id=\"4202827\" data-element_type=\"column\" data-e-type=\"column\">\n\t\t\t<div class=\"elementor-widget-wrap elementor-element-populated\">\n\t\t\t\t\t\t<div class=\"elementor-element elementor-element-c4acfd5 elementor-widget__width-auto elementor-widget elementor-widget-heading\" data-id=\"c4acfd5\" data-element_type=\"widget\" data-e-type=\"widget\" data-widget_type=\"heading.default\">\n\t\t\t\t<div class=\"elementor-widget-container\">\n\t\t\t\t\t<h2 class=\"elementor-heading-title elementor-size-default\">Dr. Frank Hinkelmann<\/h2>\t\t\t\t<\/div>\n\t\t\t\t<\/div>\n\t\t\t\t<div class=\"elementor-element elementor-element-6f0845d elementor-widget__width-auto elementor-widget elementor-widget-heading\" data-id=\"6f0845d\" data-element_type=\"widget\" data-e-type=\"widget\" data-widget_type=\"heading.default\">\n\t\t\t\t<div class=\"elementor-widget-container\">\n\t\t\t\t\t<p class=\"elementor-heading-title elementor-size-default\">Presidenta del Consejo de Supervisi\u00f3n<\/p>\t\t\t\t<\/div>\n\t\t\t\t<\/div>\n\t\t\t\t<section class=\"elementor-section elementor-inner-section elementor-element elementor-element-989d006 elementor-section-boxed elementor-section-height-default elementor-section-height-default\" data-id=\"989d006\" data-element_type=\"section\" data-e-type=\"section\" data-settings=\"{&quot;background_background&quot;:&quot;classic&quot;}\">\n\t\t\t\t\t\t<div class=\"elementor-container elementor-column-gap-no\">\n\t\t\t\t\t<div class=\"elementor-column elementor-col-50 elementor-inner-column elementor-element elementor-element-b0b35c8\" data-id=\"b0b35c8\" data-element_type=\"column\" data-e-type=\"column\">\n\t\t\t<div class=\"elementor-widget-wrap elementor-element-populated\">\n\t\t\t\t\t\t<div class=\"elementor-element elementor-element-127b987 elementor-widget__width-auto elementor-widget elementor-widget-image\" data-id=\"127b987\" data-element_type=\"widget\" data-e-type=\"widget\" data-widget_type=\"image.default\">\n\t\t\t\t<div class=\"elementor-widget-container\">\n\t\t\t\t\t\t\t\t\t\t\t\t\t\t\t<img alt=\"\" fetchpriority=\"high\" decoding=\"async\" width=\"768\" height=\"768\" src=\"https:\/\/partnership.worldea.org\/wp-content\/uploads\/2024\/06\/Dr.-Frank-Hinkelmann-768x768.jpg\" class=\"attachment-medium_large size-medium_large wp-image-144\" srcset=\"https:\/\/partnership.worldea.org\/wp-content\/uploads\/2024\/06\/Dr.-Frank-Hinkelmann-768x768.jpg 768w, https:\/\/partnership.worldea.org\/wp-content\/uploads\/2024\/06\/Dr.-Frank-Hinkelmann-300x300.jpg 300w, https:\/\/partnership.worldea.org\/wp-content\/uploads\/2024\/06\/Dr.-Frank-Hinkelmann-150x150.jpg 150w, https:\/\/partnership.worldea.org\/wp-content\/uploads\/2024\/06\/Dr.-Frank-Hinkelmann.jpg 1000w\" sizes=\"(max-width: 768px) 100vw, 768px\" \/>\t\t\t\t\t\t\t\t\t\t\t\t\t\t\t<\/div>\n\t\t\t\t<\/div>\n\t\t\t\t\t<\/div>\n\t\t<\/div>\n\t\t\t\t<div class=\"elementor-column elementor-col-50 elementor-inner-column elementor-element elementor-element-96d9b26\" data-id=\"96d9b26\" data-element_type=\"column\" data-e-type=\"column\" data-settings=\"{&quot;background_background&quot;:&quot;classic&quot;}\">\n\t\t\t<div class=\"elementor-widget-wrap elementor-element-populated\">\n\t\t\t\t\t\t<div class=\"elementor-element elementor-element-3d95f37 elementor-widget elementor-widget-text-editor\" data-id=\"3d95f37\" data-element_type=\"widget\" data-e-type=\"widget\" data-widget_type=\"text-editor.default\">\n\t\t\t\t<div class=\"elementor-widget-container\">\n\t\t\t\t\t\t\t\t\tEl Dr. Frank Hinkelmann es historiador de la iglesia y la misi\u00f3n, presidente de la Alianza Evang\u00e9lica Europea desde 2014 y rector del Seminario Mart\u00edn Bucer desde 2018. Trabaja para la organizaci\u00f3n interdenominacional de misiones y ayuda, Operation Mobilisation International (OM). Dirigi\u00f3 la rama austriaca de 1998 a 2007 y, posteriormente, la regi\u00f3n de Europa Central de 2008 a 2010. De 2011 a 2017, fue director europeo de OM International y, desde 2018, dirige el departamento internacional de desarrollo ejecutivo. Frank Hinkelmann es pastor laico de la Iglesia Evang\u00e9lica de la Confesi\u00f3n de Augsburgo en Austria y participa activamente en la parroquia evang\u00e9lica de Melk-Scheibbs. Tambi\u00e9n es vicepresidente del Consejo Internacional de la Alianza Evang\u00e9lica Mundial.\t\t\t\t\t\t\t\t<\/div>\n\t\t\t\t<\/div>\n\t\t\t\t\t<\/div>\n\t\t<\/div>\n\t\t\t\t\t<\/div>\n\t\t<\/section>\n\t\t\t\t\t<\/div>\n\t\t<\/div>\n\t\t\t\t\t<\/div>\n\t\t<\/section>\n\t\t\t\t<\/div>","protected":false},"excerpt":{"rendered":"<p>Dr. Frank Hinkelmann Aufsichtsratsvorsitzende Dr. Frank Hinkelmann ist Kirchen- und Missionshistoriker, seit 2014 Pr\u00e4sident der Europ\u00e4ischen Evangelischen Allianz und seit [&hellip;]<\/p>\n","protected":false},"author":1,"featured_media":0,"parent":330,"menu_order":6,"comment_status":"closed","ping_status":"closed","template":"","meta":{"_seopress_robots_primary_cat":"","_seopress_titles_title":"","_seopress_titles_desc":"","_seopress_robots_index":"","site-sidebar-layout":"no-sidebar","site-content-layout":"","ast-site-content-layout":"full-width-container","site-content-style":"default","site-sidebar-style":"default","ast-global-header-display":"","ast-banner-title-visibility":"","ast-main-header-display":"","ast-hfb-above-header-display":"","ast-hfb-below-header-display":"","ast-hfb-mobile-header-display":"","site-post-title":"disabled","ast-breadcrumbs-content":"","ast-featured-img":"disabled","footer-sml-layout":"","ast-disable-related-posts":"","theme-transparent-header-meta":"","adv-header-id-meta":"","stick-header-meta":"","header-above-stick-meta":"","header-main-stick-meta":"","header-below-stick-meta":"","astra-migrate-meta-layouts":"default","ast-page-background-enabled":"default","ast-page-background-meta":{"desktop":{"background-color":"var(--ast-global-color-4)","background-image":"","background-repeat":"repeat","background-position":"center center","background-size":"auto","background-attachment":"scroll","background-type":"","background-media":"","overlay-type":"","overlay-color":"","overlay-opacity":"","overlay-gradient":""},"tablet":{"background-color":"","background-image":"","background-repeat":"repeat","background-position":"center center","background-size":"auto","background-attachment":"scroll","background-type":"","background-media":"","overlay-type":"","overlay-color":"","overlay-opacity":"","overlay-gradient":""},"mobile":{"background-color":"","background-image":"","background-repeat":"repeat","background-position":"center center","background-size":"auto","background-attachment":"scroll","background-type":"","background-media":"","overlay-type":"","overlay-color":"","overlay-opacity":"","overlay-gradient":""}},"ast-content-background-meta":{"desktop":{"background-color":"var(--ast-global-color-5)","background-image":"","background-repeat":"repeat","background-position":"center center","background-size":"auto","background-attachment":"scroll","background-type":"","background-media":"","overlay-type":"","overlay-color":"","overlay-opacity":"","overlay-gradient":""},"tablet":{"background-color":"var(--ast-global-color-5)","background-image":"","background-repeat":"repeat","background-position":"center center","background-size":"auto","background-attachment":"scroll","background-type":"","background-media":"","overlay-type":"","overlay-color":"","overlay-opacity":"","overlay-gradient":""},"mobile":{"background-color":"var(--ast-global-color-5)","background-image":"","background-repeat":"repeat","background-position":"center center","background-size":"auto","background-attachment":"scroll","background-type":"","background-media":"","overlay-type":"","overlay-color":"","overlay-opacity":"","overlay-gradient":""}},"footnotes":""},"class_list":["post-515","page","type-page","status-publish","hentry"],"_links":{"self":[{"href":"https:\/\/partnership.worldea.org\/es\/wp-json\/wp\/v2\/pages\/515","targetHints":{"allow":["GET"]}}],"collection":[{"href":"https:\/\/partnership.worldea.org\/es\/wp-json\/wp\/v2\/pages"}],"about":[{"href":"https:\/\/partnership.worldea.org\/es\/wp-json\/wp\/v2\/types\/page"}],"author":[{"embeddable":true,"href":"https:\/\/partnership.worldea.org\/es\/wp-json\/wp\/v2\/users\/1"}],"replies":[{"embeddable":true,"href":"https:\/\/partnership.worldea.org\/es\/wp-json\/wp\/v2\/comments?post=515"}],"version-history":[{"count":4,"href":"https:\/\/partnership.worldea.org\/es\/wp-json\/wp\/v2\/pages\/515\/revisions"}],"predecessor-version":[{"id":527,"href":"https:\/\/partnership.worldea.org\/es\/wp-json\/wp\/v2\/pages\/515\/revisions\/527"}],"up":[{"embeddable":true,"href":"https:\/\/partnership.worldea.org\/es\/wp-json\/wp\/v2\/pages\/330"}],"wp:attachment":[{"href":"https:\/\/partnership.worldea.org\/es\/wp-json\/wp\/v2\/media?parent=515"}],"curies":[{"name":"wp","href":"https:\/\/api.w.org\/{rel}","templated":true}]}}