{"id":445,"date":"2024-07-02T15:41:08","date_gmt":"2024-07-02T13:41:08","guid":{"rendered":"https:\/\/wea-partnership.perfectlydigital.dev\/?page_id=445"},"modified":"2024-09-16T18:26:20","modified_gmt":"2024-09-16T16:26:20","slug":"wir-arbeiten-weltweit","status":"publish","type":"page","link":"https:\/\/partnership.worldea.org\/es\/wo-wir-abeiten\/wir-arbeiten-weltweit\/","title":{"rendered":"Trabajamos en todo el mundo"},"content":{"rendered":"<div data-elementor-type=\"wp-page\" data-elementor-id=\"445\" class=\"elementor elementor-445\" data-elementor-post-type=\"page\">\n\t\t\t\t\t\t<section class=\"elementor-section elementor-top-section elementor-element elementor-element-cb6bd03 elementor-section-content-middle elementor-section-boxed elementor-section-height-default elementor-section-height-default\" data-id=\"cb6bd03\" data-element_type=\"section\" data-e-type=\"section\">\n\t\t\t\t\t\t<div class=\"elementor-container elementor-column-gap-extended\">\n\t\t\t\t\t<div class=\"elementor-column elementor-col-100 elementor-top-column elementor-element elementor-element-18e1d8e\" data-id=\"18e1d8e\" data-element_type=\"column\" data-e-type=\"column\">\n\t\t\t<div class=\"elementor-widget-wrap elementor-element-populated\">\n\t\t\t\t\t\t<div class=\"elementor-element elementor-element-e06fc1e elementor-widget elementor-widget-heading\" data-id=\"e06fc1e\" data-element_type=\"widget\" data-e-type=\"widget\" data-widget_type=\"heading.default\">\n\t\t\t\t<div class=\"elementor-widget-container\">\n\t\t\t\t\t<h1 class=\"elementor-heading-title elementor-size-default\">Trabajamos en todo el mundo<\/h1>\t\t\t\t<\/div>\n\t\t\t\t<\/div>\n\t\t\t\t<div class=\"elementor-element elementor-element-e57ec07 elementor-widget elementor-widget-text-editor\" data-id=\"e57ec07\" data-element_type=\"widget\" data-e-type=\"widget\" data-widget_type=\"text-editor.default\">\n\t\t\t\t<div class=\"elementor-widget-container\">\n\t\t\t\t\t\t\t\t\t<p>Haga clic en uno de los pa\u00edses para obtener informaci\u00f3n directamente de \u00e9l. <b style=\"color: #d6142d;\">Pa\u00edses del proyecto<\/b> Para averiguarlo.<\/p>\t\t\t\t\t\t\t\t<\/div>\n\t\t\t\t<\/div>\n\t\t\t\t<div class=\"elementor-element elementor-element-9ab5a08 elementor-nav-menu--dropdown-none elementor-nav-menu__align-start elementor-widget elementor-widget-nav-menu\" data-id=\"9ab5a08\" data-element_type=\"widget\" data-e-type=\"widget\" data-settings=\"{&quot;layout&quot;:&quot;horizontal&quot;,&quot;submenu_icon&quot;:{&quot;value&quot;:&quot;&lt;svg aria-hidden=\\&quot;true\\&quot; class=\\&quot;e-font-icon-svg e-fas-caret-down\\&quot; viewBox=\\&quot;0 0 320 512\\&quot; xmlns=\\&quot;http:\\\/\\\/www.w3.org\\\/2000\\\/svg\\&quot;&gt;&lt;path d=\\&quot;M31.3 192h257.3c17.8 0 26.7 21.5 14.1 34.1L174.1 354.8c-7.8 7.8-20.5 7.8-28.3 0L17.2 226.1C4.6 213.5 13.5 192 31.3 192z\\&quot;&gt;&lt;\\\/path&gt;&lt;\\\/svg&gt;&quot;,&quot;library&quot;:&quot;fa-solid&quot;}}\" data-widget_type=\"nav-menu.default\">\n\t\t\t\t<div class=\"elementor-widget-container\">\n\t\t\t\t\t\t\t\t<nav aria-label=\"Men\u00fa\" class=\"elementor-nav-menu--main elementor-nav-menu__container elementor-nav-menu--layout-horizontal e--pointer-underline e--animation-fade\">\n\t\t\t\t<ul id=\"menu-1-9ab5a08\" class=\"elementor-nav-menu\"><li class=\"menu-item menu-item-type-taxonomy menu-item-object-category menu-item-672\"><a href=\"https:\/\/partnership.worldea.org\/es\/category\/afghanistan\/\" class=\"elementor-item menu-link\">Afganist\u00e1n<\/a><\/li>\n<li class=\"menu-item menu-item-type-taxonomy menu-item-object-category menu-item-673\"><a href=\"https:\/\/partnership.worldea.org\/es\/category\/athiopien\/\" class=\"elementor-item menu-link\">Etiop\u00eda<\/a><\/li>\n<li class=\"menu-item menu-item-type-taxonomy menu-item-object-category menu-item-674\"><a href=\"https:\/\/partnership.worldea.org\/es\/category\/burundi\/\" class=\"elementor-item menu-link\">Burundi<\/a><\/li>\n<li class=\"menu-item menu-item-type-taxonomy menu-item-object-category menu-item-675\"><a href=\"https:\/\/partnership.worldea.org\/es\/category\/gaza\/\" class=\"elementor-item menu-link\">Gaza<\/a><\/li>\n<li class=\"menu-item menu-item-type-taxonomy menu-item-object-category menu-item-1092\"><a href=\"https:\/\/partnership.worldea.org\/es\/category\/jordanien\/\" class=\"elementor-item menu-link\">Jord\u00e1n<\/a><\/li>\n<li class=\"menu-item menu-item-type-taxonomy menu-item-object-category menu-item-677\"><a href=\"https:\/\/partnership.worldea.org\/es\/category\/kongo\/\" class=\"elementor-item menu-link\">Congo<\/a><\/li>\n<li class=\"menu-item menu-item-type-taxonomy menu-item-object-category menu-item-679\"><a href=\"https:\/\/partnership.worldea.org\/es\/category\/mali\/\" class=\"elementor-item menu-link\">Mal\u00ed<\/a><\/li>\n<li class=\"menu-item menu-item-type-taxonomy menu-item-object-category menu-item-680\"><a href=\"https:\/\/partnership.worldea.org\/es\/category\/marokko\/\" class=\"elementor-item menu-link\">Marruecos<\/a><\/li>\n<li class=\"menu-item menu-item-type-taxonomy menu-item-object-category menu-item-681\"><a href=\"https:\/\/partnership.worldea.org\/es\/category\/moldawien\/\" class=\"elementor-item menu-link\">Moldavia<\/a><\/li>\n<li class=\"menu-item menu-item-type-taxonomy menu-item-object-category menu-item-1093\"><a href=\"https:\/\/partnership.worldea.org\/es\/category\/pakistan\/\" class=\"elementor-item menu-link\">Pakist\u00e1n<\/a><\/li>\n<li class=\"menu-item menu-item-type-taxonomy menu-item-object-category menu-item-684\"><a href=\"https:\/\/partnership.worldea.org\/es\/category\/schweiz\/\" class=\"elementor-item menu-link\">Suiza<\/a><\/li>\n<li class=\"menu-item menu-item-type-taxonomy menu-item-object-category menu-item-685\"><a href=\"https:\/\/partnership.worldea.org\/es\/category\/somalia\/\" class=\"elementor-item menu-link\">Somalia<\/a><\/li>\n<li class=\"menu-item menu-item-type-taxonomy menu-item-object-category menu-item-687\"><a href=\"https:\/\/partnership.worldea.org\/es\/category\/sudsudan\/\" class=\"elementor-item menu-link\">Sud\u00e1n del Sur<\/a><\/li>\n<li class=\"menu-item menu-item-type-taxonomy menu-item-object-category menu-item-688\"><a href=\"https:\/\/partnership.worldea.org\/es\/category\/syrien\/\" class=\"elementor-item menu-link\">Siria<\/a><\/li>\n<li class=\"menu-item menu-item-type-taxonomy menu-item-object-category menu-item-689\"><a href=\"https:\/\/partnership.worldea.org\/es\/category\/turkei\/\" class=\"elementor-item menu-link\">Turqu\u00eda<\/a><\/li>\n<li class=\"menu-item menu-item-type-taxonomy menu-item-object-category menu-item-690\"><a href=\"https:\/\/partnership.worldea.org\/es\/category\/ukraine\/\" class=\"elementor-item menu-link\">Ucrania<\/a><\/li>\n<li class=\"menu-item menu-item-type-taxonomy menu-item-object-category menu-item-691\"><a href=\"https:\/\/partnership.worldea.org\/es\/category\/ungarn\/\" class=\"elementor-item menu-link\">Hungr\u00eda<\/a><\/li>\n<li class=\"menu-item menu-item-type-taxonomy menu-item-object-category menu-item-692\"><a href=\"https:\/\/partnership.worldea.org\/es\/category\/zentralafrika\/\" class=\"elementor-item menu-link\">\u00c1frica Central<\/a><\/li>\n<\/ul>\t\t\t<\/nav>\n\t\t\t\t\t\t<nav class=\"elementor-nav-menu--dropdown elementor-nav-menu__container\" aria-hidden=\"true\">\n\t\t\t\t<ul id=\"menu-2-9ab5a08\" class=\"elementor-nav-menu\"><li class=\"menu-item menu-item-type-taxonomy menu-item-object-category menu-item-672\"><a href=\"https:\/\/partnership.worldea.org\/es\/category\/afghanistan\/\" class=\"elementor-item menu-link\" tabindex=\"-1\">Afganist\u00e1n<\/a><\/li>\n<li class=\"menu-item menu-item-type-taxonomy menu-item-object-category menu-item-673\"><a href=\"https:\/\/partnership.worldea.org\/es\/category\/athiopien\/\" class=\"elementor-item menu-link\" tabindex=\"-1\">Etiop\u00eda<\/a><\/li>\n<li class=\"menu-item menu-item-type-taxonomy menu-item-object-category menu-item-674\"><a href=\"https:\/\/partnership.worldea.org\/es\/category\/burundi\/\" class=\"elementor-item menu-link\" tabindex=\"-1\">Burundi<\/a><\/li>\n<li class=\"menu-item menu-item-type-taxonomy menu-item-object-category menu-item-675\"><a href=\"https:\/\/partnership.worldea.org\/es\/category\/gaza\/\" class=\"elementor-item menu-link\" tabindex=\"-1\">Gaza<\/a><\/li>\n<li class=\"menu-item menu-item-type-taxonomy menu-item-object-category menu-item-1092\"><a href=\"https:\/\/partnership.worldea.org\/es\/category\/jordanien\/\" class=\"elementor-item menu-link\" tabindex=\"-1\">Jord\u00e1n<\/a><\/li>\n<li class=\"menu-item menu-item-type-taxonomy menu-item-object-category menu-item-677\"><a href=\"https:\/\/partnership.worldea.org\/es\/category\/kongo\/\" class=\"elementor-item menu-link\" tabindex=\"-1\">Congo<\/a><\/li>\n<li class=\"menu-item menu-item-type-taxonomy menu-item-object-category menu-item-679\"><a href=\"https:\/\/partnership.worldea.org\/es\/category\/mali\/\" class=\"elementor-item menu-link\" tabindex=\"-1\">Mal\u00ed<\/a><\/li>\n<li class=\"menu-item menu-item-type-taxonomy menu-item-object-category menu-item-680\"><a href=\"https:\/\/partnership.worldea.org\/es\/category\/marokko\/\" class=\"elementor-item menu-link\" tabindex=\"-1\">Marruecos<\/a><\/li>\n<li class=\"menu-item menu-item-type-taxonomy menu-item-object-category menu-item-681\"><a href=\"https:\/\/partnership.worldea.org\/es\/category\/moldawien\/\" class=\"elementor-item menu-link\" tabindex=\"-1\">Moldavia<\/a><\/li>\n<li class=\"menu-item menu-item-type-taxonomy menu-item-object-category menu-item-1093\"><a href=\"https:\/\/partnership.worldea.org\/es\/category\/pakistan\/\" class=\"elementor-item menu-link\" tabindex=\"-1\">Pakist\u00e1n<\/a><\/li>\n<li class=\"menu-item menu-item-type-taxonomy menu-item-object-category menu-item-684\"><a href=\"https:\/\/partnership.worldea.org\/es\/category\/schweiz\/\" class=\"elementor-item menu-link\" tabindex=\"-1\">Suiza<\/a><\/li>\n<li class=\"menu-item menu-item-type-taxonomy menu-item-object-category menu-item-685\"><a href=\"https:\/\/partnership.worldea.org\/es\/category\/somalia\/\" class=\"elementor-item menu-link\" tabindex=\"-1\">Somalia<\/a><\/li>\n<li class=\"menu-item menu-item-type-taxonomy menu-item-object-category menu-item-687\"><a href=\"https:\/\/partnership.worldea.org\/es\/category\/sudsudan\/\" class=\"elementor-item menu-link\" tabindex=\"-1\">Sud\u00e1n del Sur<\/a><\/li>\n<li class=\"menu-item menu-item-type-taxonomy menu-item-object-category menu-item-688\"><a href=\"https:\/\/partnership.worldea.org\/es\/category\/syrien\/\" class=\"elementor-item menu-link\" tabindex=\"-1\">Siria<\/a><\/li>\n<li class=\"menu-item menu-item-type-taxonomy menu-item-object-category menu-item-689\"><a href=\"https:\/\/partnership.worldea.org\/es\/category\/turkei\/\" class=\"elementor-item menu-link\" tabindex=\"-1\">Turqu\u00eda<\/a><\/li>\n<li class=\"menu-item menu-item-type-taxonomy menu-item-object-category menu-item-690\"><a href=\"https:\/\/partnership.worldea.org\/es\/category\/ukraine\/\" class=\"elementor-item menu-link\" tabindex=\"-1\">Ucrania<\/a><\/li>\n<li class=\"menu-item menu-item-type-taxonomy menu-item-object-category menu-item-691\"><a href=\"https:\/\/partnership.worldea.org\/es\/category\/ungarn\/\" class=\"elementor-item menu-link\" tabindex=\"-1\">Hungr\u00eda<\/a><\/li>\n<li class=\"menu-item menu-item-type-taxonomy menu-item-object-category menu-item-692\"><a href=\"https:\/\/partnership.worldea.org\/es\/category\/zentralafrika\/\" class=\"elementor-item menu-link\" tabindex=\"-1\">\u00c1frica Central<\/a><\/li>\n<\/ul>\t\t\t<\/nav>\n\t\t\t\t\t\t<\/div>\n\t\t\t\t<\/div>\n\t\t\t\t\t<\/div>\n\t\t<\/div>\n\t\t\t\t\t<\/div>\n\t\t<\/section>\n\t\t\t\t<section class=\"elementor-section elementor-top-section elementor-element elementor-element-047d889 elementor-section-content-middle elementor-section-full_width elementor-section-stretched elementor-section-height-default elementor-section-height-default\" data-id=\"047d889\" data-element_type=\"section\" data-e-type=\"section\" data-settings=\"{&quot;stretch_section&quot;:&quot;section-stretched&quot;}\">\n\t\t\t\t\t\t<div class=\"elementor-container elementor-column-gap-extended\">\n\t\t\t\t\t<div class=\"elementor-column elementor-col-100 elementor-top-column elementor-element elementor-element-6c32cb2\" data-id=\"6c32cb2\" data-element_type=\"column\" data-e-type=\"column\">\n\t\t\t<div class=\"elementor-widget-wrap elementor-element-populated\">\n\t\t\t\t\t\t<div class=\"elementor-element elementor-element-e13b60c elementor-widget elementor-widget-shortcode\" data-id=\"e13b60c\" data-element_type=\"widget\" data-e-type=\"widget\" data-widget_type=\"shortcode.default\">\n\t\t\t\t<div class=\"elementor-widget-container\">\n\t\t\t\t\t\t\t<div class=\"elementor-shortcode\"><div class=\"map_wrapper\" id=\"map_wrapper_448\">\n<div class=\"map_box\" style=\"max-width:2000px\">\n<div class=\"map_aspect_ratio\" style=\"padding-top:56%\" data-padding-top=\"56%\" data-padding-top-mobile=\"0%\">\n<div class=\"map_container\">\n<div class=\"map_render map_loading\" id=\"map_448\"><\/div>\n<\/div>\n<\/div>\n<\/div>\n<\/div><\/div>\n\t\t\t\t\t\t<\/div>\n\t\t\t\t<\/div>\n\t\t\t\t\t<\/div>\n\t\t<\/div>\n\t\t\t\t\t<\/div>\n\t\t<\/section>\n\t\t\t\t<\/div>","protected":false},"excerpt":{"rendered":"<p>Wir Arbeiten Weltweit Klicken Sie auf eines der L\u00e4nder, um Informationen direkt aus den Projektl\u00e4ndern zu erfahren.<\/p>","protected":false},"author":1,"featured_media":0,"parent":12,"menu_order":1,"comment_status":"closed","ping_status":"closed","template":"","meta":{"_seopress_robots_primary_cat":"","_seopress_titles_title":"","_seopress_titles_desc":"","_seopress_robots_index":"","site-sidebar-layout":"no-sidebar","site-content-layout":"","ast-site-content-layout":"full-width-container","site-content-style":"default","site-sidebar-style":"default","ast-global-header-display":"","ast-banner-title-visibility":"","ast-main-header-display":"","ast-hfb-above-header-display":"","ast-hfb-below-header-display":"","ast-hfb-mobile-header-display":"","site-post-title":"disabled","ast-breadcrumbs-content":"","ast-featured-img":"disabled","footer-sml-layout":"","ast-disable-related-posts":"","theme-transparent-header-meta":"","adv-header-id-meta":"","stick-header-meta":"","header-above-stick-meta":"","header-main-stick-meta":"","header-below-stick-meta":"","astra-migrate-meta-layouts":"default","ast-page-background-enabled":"default","ast-page-background-meta":{"desktop":{"background-color":"var(--ast-global-color-4)","background-image":"","background-repeat":"repeat","background-position":"center center","background-size":"auto","background-attachment":"scroll","background-type":"","background-media":"","overlay-type":"","overlay-color":"","overlay-opacity":"","overlay-gradient":""},"tablet":{"background-color":"","background-image":"","background-repeat":"repeat","background-position":"center center","background-size":"auto","background-attachment":"scroll","background-type":"","background-media":"","overlay-type":"","overlay-color":"","overlay-opacity":"","overlay-gradient":""},"mobile":{"background-color":"","background-image":"","background-repeat":"repeat","background-position":"center center","background-size":"auto","background-attachment":"scroll","background-type":"","background-media":"","overlay-type":"","overlay-color":"","overlay-opacity":"","overlay-gradient":""}},"ast-content-background-meta":{"desktop":{"background-color":"var(--ast-global-color-5)","background-image":"","background-repeat":"repeat","background-position":"center center","background-size":"auto","background-attachment":"scroll","background-type":"","background-media":"","overlay-type":"","overlay-color":"","overlay-opacity":"","overlay-gradient":""},"tablet":{"background-color":"var(--ast-global-color-5)","background-image":"","background-repeat":"repeat","background-position":"center center","background-size":"auto","background-attachment":"scroll","background-type":"","background-media":"","overlay-type":"","overlay-color":"","overlay-opacity":"","overlay-gradient":""},"mobile":{"background-color":"var(--ast-global-color-5)","background-image":"","background-repeat":"repeat","background-position":"center center","background-size":"auto","background-attachment":"scroll","background-type":"","background-media":"","overlay-type":"","overlay-color":"","overlay-opacity":"","overlay-gradient":""}},"footnotes":""},"class_list":["post-445","page","type-page","status-publish","hentry"],"_links":{"self":[{"href":"https:\/\/partnership.worldea.org\/es\/wp-json\/wp\/v2\/pages\/445","targetHints":{"allow":["GET"]}}],"collection":[{"href":"https:\/\/partnership.worldea.org\/es\/wp-json\/wp\/v2\/pages"}],"about":[{"href":"https:\/\/partnership.worldea.org\/es\/wp-json\/wp\/v2\/types\/page"}],"author":[{"embeddable":true,"href":"https:\/\/partnership.worldea.org\/es\/wp-json\/wp\/v2\/users\/1"}],"replies":[{"embeddable":true,"href":"https:\/\/partnership.worldea.org\/es\/wp-json\/wp\/v2\/comments?post=445"}],"version-history":[{"count":40,"href":"https:\/\/partnership.worldea.org\/es\/wp-json\/wp\/v2\/pages\/445\/revisions"}],"predecessor-version":[{"id":706,"href":"https:\/\/partnership.worldea.org\/es\/wp-json\/wp\/v2\/pages\/445\/revisions\/706"}],"up":[{"embeddable":true,"href":"https:\/\/partnership.worldea.org\/es\/wp-json\/wp\/v2\/pages\/12"}],"wp:attachment":[{"href":"https:\/\/partnership.worldea.org\/es\/wp-json\/wp\/v2\/media?parent=445"}],"curies":[{"name":"wp","href":"https:\/\/api.w.org\/{rel}","templated":true}]}}