{"id":1044,"date":"2025-06-23T15:51:15","date_gmt":"2025-06-23T13:51:15","guid":{"rendered":"https:\/\/partnership.worldea.org\/?page_id=1044"},"modified":"2025-07-02T18:26:27","modified_gmt":"2025-07-02T16:26:27","slug":"not-und-entwicklungshilfe","status":"publish","type":"page","link":"https:\/\/partnership.worldea.org\/es\/was-wir-tun\/not-und-entwicklungshilfe\/","title":{"rendered":"Ayuda de emergencia y desarrollo"},"content":{"rendered":"<div data-elementor-type=\"wp-page\" data-elementor-id=\"1044\" class=\"elementor elementor-1044\" data-elementor-post-type=\"page\">\n\t\t\t\t\t\t<section class=\"elementor-section elementor-top-section elementor-element elementor-element-c3f46f4 elementor-section-content-bottom elementor-section-boxed elementor-section-height-default elementor-section-height-default\" data-id=\"c3f46f4\" data-element_type=\"section\" data-e-type=\"section\" data-settings=\"{&quot;background_background&quot;:&quot;classic&quot;}\">\n\t\t\t\t\t\t\t<div class=\"elementor-background-overlay\"><\/div>\n\t\t\t\t\t\t\t<div class=\"elementor-container elementor-column-gap-extended\">\n\t\t\t\t\t<div class=\"elementor-column elementor-col-100 elementor-top-column elementor-element elementor-element-4f9fda49\" data-id=\"4f9fda49\" data-element_type=\"column\" data-e-type=\"column\">\n\t\t\t<div class=\"elementor-widget-wrap elementor-element-populated\">\n\t\t\t\t\t\t\t<\/div>\n\t\t<\/div>\n\t\t\t\t\t<\/div>\n\t\t<\/section>\n\t\t<div class=\"elementor-element elementor-element-6275833 e-flex e-con-boxed e-con e-parent\" data-id=\"6275833\" data-element_type=\"container\" data-e-type=\"container\">\n\t\t\t\t\t<div class=\"e-con-inner\">\n\t\t\t\t<div class=\"elementor-element elementor-element-e7382c7 elementor-widget elementor-widget-text-editor\" data-id=\"e7382c7\" data-element_type=\"widget\" data-e-type=\"widget\" data-widget_type=\"text-editor.default\">\n\t\t\t\t<div class=\"elementor-widget-container\">\n\t\t\t\t\t\t\t\t\t<h3>En caso de desastres, podemos brindar asistencia inmediata y sin complicaciones con voluntarios de las comunidades locales.<\/h3><p>La Alianza WEA proporciona asistencia financiera y pr\u00e1ctica en casos de terremotos, guerra, hambruna y otras crisis. Nos apoyamos en nuestras Alianzas Evang\u00e9licas regionales y nacionales, en cooperaci\u00f3n con iglesias y denominaciones locales.<br \/>Gracias a nuestra red global de iglesias y organizaciones de ayuda en casi todos los pa\u00edses, podemos colaborar r\u00e1pidamente con congregaciones locales y numerosos voluntarios en situaciones de crisis. A menudo, utilizamos los edificios de las iglesias locales como refugios de emergencia y centros de suministros. WEA Partnership coordina el apoyo financiero, la gesti\u00f3n de proyectos, los informes de proyectos y la contabilidad en todo el mundo. Esto nos permite multiplicar el impacto de nuestros fondos de ayuda y mantener bajos los costos de personal en zonas de crisis. Adem\u00e1s, podemos actuar de inmediato en zonas de dif\u00edcil acceso, donde muchas otras organizaciones de ayuda podr\u00edan tener dificultades para acceder.<\/p><h3>Ayuda para la reconstrucci\u00f3n y el desarrollo<\/h3><p>En zonas que sufren crisis cr\u00f3nicas, apoyamos la reconstrucci\u00f3n y el desarrollo a largo plazo sobre el terreno. En el pasado, por ejemplo, hemos financiado la construcci\u00f3n de cisternas de agua en Somalia, afectada por la sequ\u00eda, la restauraci\u00f3n de casas y techos derrumbados en las tierras altas de Afganist\u00e1n, y la reconversi\u00f3n profesional de trabajadores del sector tur\u00edstico en Bel\u00e9n que perdieron sus empleos debido al bloqueo de Cisjordania.<\/p><h3>El Centro de Crisis de WEA coordina la ayuda de emergencia y desarrollo a nivel mundial.<\/h3><p>Esto es lo que hace el Centro de Coordinaci\u00f3n de Respuesta a Crisis de la WEA.<\/p><ul><li>Fortalecemos las capacidades de los cooperantes de iglesias locales, as\u00ed como de alianzas evang\u00e9licas nacionales y regionales y organizaciones cristianas de ayuda, a trav\u00e9s de capacitaci\u00f3n en prevenci\u00f3n y socorro ante desastres.<\/li><li>Apoyamos a las iglesias locales y a los equipos de respuesta nacionales en la recaudaci\u00f3n de fondos para que puedan aplicar las habilidades que han aprendido en tiempos de crisis.<\/li><li>Ayudamos con la capacitaci\u00f3n de voluntarios para crear informes de proyectos y financieros para donantes, organizaciones de ayuda e iglesias, as\u00ed como con la comunicaci\u00f3n con los donantes, como trabajar con fotos, videos, testimonios personales y publicaciones en las redes sociales.<\/li><li>Ofrecemos coaching a largo plazo a l\u00edderes de proyectos de iglesias en desarrollo organizacional y contabilidad. Adem\u00e1s, invertimos en la capacitaci\u00f3n de mentores locales y regionales que, de forma independiente, contin\u00faan el proceso de coaching y lo replican en su regi\u00f3n o pa\u00eds.<\/li><li>Creamos conexiones con organizaciones de ayuda cristianas internacionales y profesionales para ampliar las oportunidades de capacitaci\u00f3n para las iglesias locales y personal clave en el pa\u00eds.<\/li><li>Ofrecemos oportunidades de creaci\u00f3n de redes y capacitaci\u00f3n para que las iglesias locales y las alianzas evang\u00e9licas nacionales se conecten con organizaciones internacionales de ayuda cristiana y donantes gubernamentales.<\/li><\/ul><p>Si tiene m\u00e1s preguntas, no dude en ponerse en contacto con nosotros. <a href=\"mailto:dgerlach@worldea.org\">Dirk Gerlach<\/a>, comun\u00edquese con el jefe del centro de respuesta a crisis.<\/p>\t\t\t\t\t\t\t\t<\/div>\n\t\t\t\t<\/div>\n\t\t\t\t\t<\/div>\n\t\t\t\t<\/div>\n\t\t\t\t<\/div>","protected":false},"excerpt":{"rendered":"<p>Bei Katastrophen k\u00f6nnen wir mit Freiwilligen aus den ortsans\u00e4ssigen Gemeinden sofort und unkompliziert helfen Der WEA Partnership hilft finanziell und [&hellip;]<\/p>\n","protected":false},"author":3,"featured_media":0,"parent":15,"menu_order":0,"comment_status":"closed","ping_status":"closed","template":"","meta":{"_seopress_robots_primary_cat":"","_seopress_titles_title":"","_seopress_titles_desc":"","_seopress_robots_index":"","site-sidebar-layout":"no-sidebar","site-content-layout":"","ast-site-content-layout":"full-width-container","site-content-style":"default","site-sidebar-style":"default","ast-global-header-display":"","ast-banner-title-visibility":"","ast-main-header-display":"","ast-hfb-above-header-display":"","ast-hfb-below-header-display":"","ast-hfb-mobile-header-display":"","site-post-title":"disabled","ast-breadcrumbs-content":"","ast-featured-img":"disabled","footer-sml-layout":"","ast-disable-related-posts":"","theme-transparent-header-meta":"","adv-header-id-meta":"","stick-header-meta":"","header-above-stick-meta":"","header-main-stick-meta":"","header-below-stick-meta":"","astra-migrate-meta-layouts":"default","ast-page-background-enabled":"default","ast-page-background-meta":{"desktop":{"background-color":"var(--ast-global-color-4)","background-image":"","background-repeat":"repeat","background-position":"center center","background-size":"auto","background-attachment":"scroll","background-type":"","background-media":"","overlay-type":"","overlay-color":"","overlay-opacity":"","overlay-gradient":""},"tablet":{"background-color":"","background-image":"","background-repeat":"repeat","background-position":"center center","background-size":"auto","background-attachment":"scroll","background-type":"","background-media":"","overlay-type":"","overlay-color":"","overlay-opacity":"","overlay-gradient":""},"mobile":{"background-color":"","background-image":"","background-repeat":"repeat","background-position":"center center","background-size":"auto","background-attachment":"scroll","background-type":"","background-media":"","overlay-type":"","overlay-color":"","overlay-opacity":"","overlay-gradient":""}},"ast-content-background-meta":{"desktop":{"background-color":"var(--ast-global-color-5)","background-image":"","background-repeat":"repeat","background-position":"center center","background-size":"auto","background-attachment":"scroll","background-type":"","background-media":"","overlay-type":"","overlay-color":"","overlay-opacity":"","overlay-gradient":""},"tablet":{"background-color":"var(--ast-global-color-5)","background-image":"","background-repeat":"repeat","background-position":"center center","background-size":"auto","background-attachment":"scroll","background-type":"","background-media":"","overlay-type":"","overlay-color":"","overlay-opacity":"","overlay-gradient":""},"mobile":{"background-color":"var(--ast-global-color-5)","background-image":"","background-repeat":"repeat","background-position":"center center","background-size":"auto","background-attachment":"scroll","background-type":"","background-media":"","overlay-type":"","overlay-color":"","overlay-opacity":"","overlay-gradient":""}},"footnotes":""},"class_list":["post-1044","page","type-page","status-publish","hentry"],"_links":{"self":[{"href":"https:\/\/partnership.worldea.org\/es\/wp-json\/wp\/v2\/pages\/1044","targetHints":{"allow":["GET"]}}],"collection":[{"href":"https:\/\/partnership.worldea.org\/es\/wp-json\/wp\/v2\/pages"}],"about":[{"href":"https:\/\/partnership.worldea.org\/es\/wp-json\/wp\/v2\/types\/page"}],"author":[{"embeddable":true,"href":"https:\/\/partnership.worldea.org\/es\/wp-json\/wp\/v2\/users\/3"}],"replies":[{"embeddable":true,"href":"https:\/\/partnership.worldea.org\/es\/wp-json\/wp\/v2\/comments?post=1044"}],"version-history":[{"count":10,"href":"https:\/\/partnership.worldea.org\/es\/wp-json\/wp\/v2\/pages\/1044\/revisions"}],"predecessor-version":[{"id":1075,"href":"https:\/\/partnership.worldea.org\/es\/wp-json\/wp\/v2\/pages\/1044\/revisions\/1075"}],"up":[{"embeddable":true,"href":"https:\/\/partnership.worldea.org\/es\/wp-json\/wp\/v2\/pages\/15"}],"wp:attachment":[{"href":"https:\/\/partnership.worldea.org\/es\/wp-json\/wp\/v2\/media?parent=1044"}],"curies":[{"name":"wp","href":"https:\/\/api.w.org\/{rel}","templated":true}]}}